{"id":72,"date":"2013-04-30T12:36:04","date_gmt":"2013-04-30T10:36:04","guid":{"rendered":"http:\/\/www.beweisaufnahme-homoeopathie.de\/Blog\/?page_id=72"},"modified":"2019-01-01T13:10:09","modified_gmt":"2019-01-01T12:10:09","slug":"mein-buch","status":"publish","type":"page","link":"http:\/\/www.beweisaufnahme-homoeopathie.de\/?page_id=72","title":{"rendered":"&#8230; mein Buch"},"content":{"rendered":"<div class=\"shariff shariff-align-flex-start shariff-widget-align-flex-start\" data-services=\"facebook%7Ctwitter\" data-url=\"http%3A%2F%2Fwww.beweisaufnahme-homoeopathie.de%2F%3Fpage_id%3D72\" data-timestamp=\"1546348209\" data-hidezero=\"1\" data-backendurl=\"?rest_route=\/shariff\/v1\/share_counts&\"><ul class=\"shariff-buttons theme-default wcag_colors orientation-horizontal buttonsize-small\"><li class=\"shariff-button facebook shariff-nocustomcolor\" style=\"background-color:#000\"><a href=\"https:\/\/www.facebook.com\/sharer\/sharer.php?u=http%3A%2F%2Fwww.beweisaufnahme-homoeopathie.de%2F%3Fpage_id%3D72\" title=\"Bei Facebook teilen\" aria-label=\"Bei Facebook teilen\" role=\"button\" rel=\"nofollow\" class=\"shariff-link\" style=\"; background-color:#38548F; color:#fff\" target=\"_blank\"><span class=\"shariff-icon\" style=\"\"><svg width=\"32px\" height=\"20px\" xmlns=\"http:\/\/www.w3.org\/2000\/svg\" viewBox=\"0 0 18 32\"><path fill=\"#3b5998\" d=\"M17.1 0.2v4.7h-2.8q-1.5 0-2.1 0.6t-0.5 1.9v3.4h5.2l-0.7 5.3h-4.5v13.6h-5.5v-13.6h-4.5v-5.3h4.5v-3.9q0-3.3 1.9-5.2t5-1.8q2.6 0 4.1 0.2z\"\/><\/svg><\/span><span class=\"shariff-text\">teilen<\/span>&nbsp;<span data-service=\"facebook\" style=\"color:#38548F\" class=\"shariff-count\"> 42<\/span>&nbsp;<\/a><\/li><li class=\"shariff-button twitter shariff-nocustomcolor\" style=\"background-color:#000\"><a href=\"https:\/\/twitter.com\/share?url=http%3A%2F%2Fwww.beweisaufnahme-homoeopathie.de%2F%3Fpage_id%3D72&text=%E2%80%A6%20mein%20Buch\" title=\"Bei Twitter teilen\" aria-label=\"Bei Twitter teilen\" role=\"button\" rel=\"noopener nofollow\" class=\"shariff-link\" style=\"; background-color:#115A92; color:#fff\" target=\"_blank\"><span class=\"shariff-icon\" style=\"\"><svg width=\"32px\" height=\"20px\" xmlns=\"http:\/\/www.w3.org\/2000\/svg\" viewBox=\"0 0 30 32\"><path fill=\"#55acee\" d=\"M29.7 6.8q-1.2 1.8-3 3.1 0 0.3 0 0.8 0 2.5-0.7 4.9t-2.2 4.7-3.5 4-4.9 2.8-6.1 1q-5.1 0-9.3-2.7 0.6 0.1 1.5 0.1 4.3 0 7.6-2.6-2-0.1-3.5-1.2t-2.2-3q0.6 0.1 1.1 0.1 0.8 0 1.6-0.2-2.1-0.4-3.5-2.1t-1.4-3.9v-0.1q1.3 0.7 2.8 0.8-1.2-0.8-2-2.2t-0.7-2.9q0-1.7 0.8-3.1 2.3 2.8 5.5 4.5t7 1.9q-0.2-0.7-0.2-1.4 0-2.5 1.8-4.3t4.3-1.8q2.7 0 4.5 1.9 2.1-0.4 3.9-1.5-0.7 2.2-2.7 3.4 1.8-0.2 3.5-0.9z\"\/><\/svg><\/span><span class=\"shariff-text\">twittern<\/span>&nbsp;<span data-service=\"twitter\" style=\"color:#115A92\" class=\"shariff-count shariff-hidezero\"><\/span>&nbsp;<\/a><\/li><li class=\"shariff-button rss shariff-nocustomcolor\" style=\"background-color:#000\"><a href=\"http:\/\/www.beweisaufnahme-homoeopathie.de\/?feed=rss\" title=\"RSS-feed\" aria-label=\"RSS-feed\" role=\"button\" class=\"shariff-link\" style=\"; background-color:#aa2e00; color:#fff\" target=\"_blank\"><span class=\"shariff-icon\" style=\"\"><svg width=\"32px\" height=\"20px\" xmlns=\"http:\/\/www.w3.org\/2000\/svg\" viewBox=\"0 0 32 32\"><path fill=\"#fe9312\" d=\"M4.3 23.5c-2.3 0-4.3 1.9-4.3 4.3 0 2.3 1.9 4.2 4.3 4.2 2.4 0 4.3-1.9 4.3-4.2 0-2.3-1.9-4.3-4.3-4.3zM0 10.9v6.1c4 0 7.7 1.6 10.6 4.4 2.8 2.8 4.4 6.6 4.4 10.6h6.2c0-11.7-9.5-21.1-21.1-21.1zM0 0v6.1c14.2 0 25.8 11.6 25.8 25.9h6.2c0-17.6-14.4-32-32-32z\"\/><\/svg><\/span><span class=\"shariff-text\">RSS-feed<\/span>&nbsp;<\/a><\/li><\/ul><\/div><div id=\"attachment_164\" style=\"width: 221px\" class=\"wp-caption alignleft\"><a href=\"http:\/\/www.beweisaufnahme-homoeopathie.de\/blog\/wp-content\/uploads\/2013\/04\/Titelblatt.jpg\"><img aria-describedby=\"caption-attachment-164\" loading=\"lazy\" class=\"size-medium wp-image-164 \" alt=\".... erschienen im M\u00e4rz 2013\" src=\"http:\/\/www.beweisaufnahme-homoeopathie.de\/blog\/wp-content\/uploads\/2013\/04\/Titelblatt-211x300.jpg\" width=\"211\" height=\"300\" srcset=\"http:\/\/www.beweisaufnahme-homoeopathie.de\/blog\/wp-content\/uploads\/2013\/04\/Titelblatt-211x300.jpg 211w, http:\/\/www.beweisaufnahme-homoeopathie.de\/blog\/wp-content\/uploads\/2013\/04\/Titelblatt.jpg 504w\" sizes=\"(max-width: 211px) 100vw, 211px\" \/><\/a><p id=\"caption-attachment-164\" class=\"wp-caption-text\">Titelbild meines Buchs<\/p><\/div>\n<p>Mein Buch &#8218;In Sachen Hom\u00f6opathie &#8211; Eine Beweisaufnahme&#8216; ist im M\u00e4rz 2013 erschienen, Bezugsquellen siehe unten auf dieser Seite.<\/p>\n<p>Dieses Buch bildet praktisch die Grundlage f\u00fcr diesen Blog. Was ich auf den Seiten \u00dcber&#8230;mich und \u00dcber &#8230; diesen Blog geschrieben habe, gilt in vollem Umfang auch f\u00fcr das Buch.<\/p>\n<p>Dort habe ich angefangen, die Grundlagen der Hom\u00f6opathie zu untersuchen und meine Ergebnisse darzustellen &#8211; und einige M\u00fche darauf verwandt, dies allgemeinverst\u00e4ndlich zu tun. Erste Rezensionen im Amazon zeigen mir, dass mir dieses anscheinend nicht schlecht gelungen ist.<\/p>\n<p>Damit das Buch nicht zu dick und zu schwer wird, musste ich mich naturgem\u00e4\u00df inhaltlich beschr\u00e4nken. Insbesondere konnte nur eine sehr begrenzte Anzahl von Analysen wissenschaftlicher Publikationen aufgenommen werden. In diesem Blog m\u00f6chte ich die angefangene Arbeit fortsetzen.<\/p>\n<p>Inhalte sind:<\/p>\n<ul>\n<li>Grundlagen der Hom\u00f6opathie<\/li>\n<li>Herstellung hom\u00f6opathischer Medikamente (Verd\u00fcnnung und Versch\u00fcttelung)<\/li>\n<li>Theorien zur Wirkungs\u00fcbertragung (Wasserged\u00e4chtnis, Nanopartikel)<\/li>\n<li>Historische Erfolgsgeschichten (Typhusepidemie 1813, Cholera 1854)<\/li>\n<li>Wirkungsnachweise in klinischen Studien<\/li>\n<li>Wirkungsnachweise in Ergebnisstudien<\/li>\n<li>Arzneimittelpr\u00fcfung<\/li>\n<\/ul>\n<p>Dabei werden insbesondere die folgenden Arbeiten einer intensiven Analyse unterzogen, die bei den Verfechtern der Hom\u00f6opathie als wesentliche Nachweise f\u00fcr die Wirksamkeit angesehen werden:<\/p>\n<p>Rey (2003) &#8211; &#8218;Thermoluminiscence of ultra high dilutions of lithium chloride and sodium chloride&#8216;. Der Autor will nachweisen, dass Wasser doch ein Ged\u00e4chtnis hat<\/p>\n<p>Chikramane (2010) &#8211; &#8218;Extreme homeopathic dilutions retain starting materials. A nanoparticular perspective&#8216;. Nach seiner Meinung sind Nanobl\u00e4schen daf\u00fcr verantwortlich, dass die Urtinktur als Nanoteilchen in h\u00f6here Potenzen \u00fcbertragen wird.<\/p>\n<p>Ferley (1989) &#8211; &#8218;A controlled evaluation of a homeopathic preparation in the treatment of influenza-like syndromes&#8216;. Erprobung eines hom\u00f6opathischen Mittels bei der Behandlung von grippalen Infekten<\/p>\n<p>Reilly (1994) &#8211; &#8218;Is evidence for homeopathy reproducible?&#8216;. Zum wiederholten Male wird untersucht, ob sich Asthma durch hom\u00f6opathische Mittel erfolgreich bek\u00e4mpfen l\u00e4sst.<\/p>\n<p>Witt (2005) &#8211;\u00a0&#8218;Homeopathic medical practice: Long term result of a cohort study with 3981 patients&#8216;. Die bei Hom\u00f6opathen ber\u00fchmte Ergebnisstudie der Charit\u00e9, eine der Grundpfeiler zum Wirksamkeitsnachweis<\/p>\n<p>Spence (2005) &#8211; &#8218;Homeopathic treatment for chronic desease: a 6 year university hospital outpatient observational study&#8216;. Die ebenso bekannte in Bristol durchgef\u00fchrte Ergebnisstudie<\/p>\n<p>Riley (2001) &#8211; &#8218;Homeopathic and conventional medicine: an outcomes study comparing effectiveness in a primary care setting&#8216;. Noch eine weitere Ergebnisstudie in USA und Europa<\/p>\n<p>M\u00f6llinger (2009) &#8211; &#8218;Homeopathic pathogenic trials produce specific symptoms different from placebo&#8216;. Hier soll nachgewiesen werden, dass die hom\u00f6opathische Arzneimittelpr\u00fcfung belastbare Ergebnisse liefert.<\/p>\n<p>Kleijnen (1991) &#8211; &#8218;Clinical trials of homeopathy&#8216;. Die erste wesentliche zusammenfassende Metastudie, die sich mit der Hom\u00f6opathie befasst.<\/p>\n<p>Linde (1997) &#8211; &#8218;Are the clinical effects of homeopathy placebo effects?&#8216;. Eine weitere sehr oft zitierte Metastudie \u00fcber Hom\u00f6opathie.<\/p>\n<p>Shang (2005) &#8211; Diese Metastudie ist heftig umstritten und wird daher nur kurz erw\u00e4hnt. Ich habe mir selbst noch kein abschlie\u00dfendes Bild machen k\u00f6nnen, was diese Studie wirklich aussagt. In diesem Blog werden sicherlich die Studien auch untersucht, die hier eingeflossen sind. Ich denke mir erst dann ein Urteil erlauben zu k\u00f6nnen.<\/p>\n<p>Ich brauche wohl nicht extra anzuf\u00fchren, dass ich in diesen Arbeiten keine Anhaltspunkte daf\u00fcr gefunden habe, dass hom\u00f6opathische Medikamente und Arzneien eine heilende Wirkung aus\u00fcben, die \u00fcber den Vergleich mit einem Placebo hinausgeht.<\/p>\n<p>In der Zwischenzeit gibt es im Internet einige Rezensionen:<\/p>\n<ul>\n<li>auf der Seite von Amazon (s. unten)<\/li>\n<li>bei <a href=\"https:\/\/www.gesundheit-ist-das-wichtigste.de\/homoopathie-sinnvoll\/\">Gesundheit-ist-das-Wichtigste<\/a><\/li>\n<li>bei <a href=\"http:\/\/www.freitag.de\/autoren\/merdeister\/in-sachen-homoeopathie-nochn-buch\">Freitag.de<\/a><\/li>\n<li>bei <a href=\"http:\/\/scienceblogs.de\/gesundheits-check\/2013\/06\/16\/in-sachen-homoopathie\/\">Scienceblogs\/Gesundheits-Check<\/a><\/li>\n<li>im <a href=\"http:\/\/charismatismus.wordpress.com\/2013\/07\/11\/buch-tip-in-sachen-homoopathie-eine-beweisaufnahme-von-dr-norbert-aust\/\" class=\"broken_link\">Christlichen Forum Charismatismus<\/a><\/li>\n<\/ul>\n<p>F\u00fcr diese ganze Herrlichkeit, auf der dieser Blog aufbaut, gibt es folgende Bezugsquellen:<\/p>\n<p>Als Print (ISBN: 978-3-942594-47-9)\u00a0:<br \/>\n\u00a0\u00a0\u00a0 Format DinA5, 282 Seiten<br \/>\n\u00a0\u00a0\u00a0 kartoniert (Taschenbuch)<br \/>\n&#8211; \u00fcber den Buchhandel durch Direktbestellung beim Verlag 1-2-Buch, Ebersdorf<br \/>\n&#8211; online beim <a href=\"http:\/\/shop.1-2-buch.de\/index.php?main_page=product_info&amp;cPath=3&amp;products_id=265\">Shop von 1-2-Buch.de<\/a>:<br \/>\n&#8211; online bei <a href=\"http:\/\/www.amazon.de\/In-Sachen-Hom%C3%B6opathie-Eine-Beweisaufnahme\/dp\/3942594471\/ref=sr_1_1?ie=UTF8&amp;qid=1365706772&amp;sr=8-1&amp;keywords=norbert+aust\">Amazon.de<\/a><\/p>\n<p>als Ebook:<br \/>\n&#8211; f\u00fcr <a href=\"http:\/\/www.amazon.de\/In-Sachen-Hom%C3%B6opathie-Eine-Beweisaufnahme\/dp\/3942594471\/ref=sr_1_1?ie=UTF8&amp;qid=1365706772&amp;sr=8-1&amp;keywords=norbert+aust\">Kindle bei Amazon.de<\/a>:<br \/>\n&#8211; andere Formate bei <a href=\"http:\/\/www.kobobooks.de\/search\/search.html?q=norbert+aust\" class=\"broken_link\">kobobooks.de<\/a>:<\/p>\n<p>Bildquelle: Titelbild Verfasser \/ Dirk Vespermann, Wehr.<\/p>\n","protected":false},"excerpt":{"rendered":"<p>Mein Buch &#8218;In Sachen Hom\u00f6opathie &#8211; Eine Beweisaufnahme&#8216; ist im M\u00e4rz 2013 erschienen, Bezugsquellen siehe unten auf dieser Seite. Dieses Buch bildet praktisch die Grundlage f\u00fcr diesen Blog. Was ich auf den Seiten \u00dcber&#8230;mich und \u00dcber &#8230; diesen Blog geschrieben &hellip; <a href=\"http:\/\/www.beweisaufnahme-homoeopathie.de\/?page_id=72\">Weiterlesen <span class=\"meta-nav\">&rarr;<\/span><\/a><\/p>\n","protected":false},"author":1,"featured_media":0,"parent":0,"menu_order":0,"comment_status":"open","ping_status":"open","template":"","meta":[],"_links":{"self":[{"href":"http:\/\/www.beweisaufnahme-homoeopathie.de\/index.php?rest_route=\/wp\/v2\/pages\/72"}],"collection":[{"href":"http:\/\/www.beweisaufnahme-homoeopathie.de\/index.php?rest_route=\/wp\/v2\/pages"}],"about":[{"href":"http:\/\/www.beweisaufnahme-homoeopathie.de\/index.php?rest_route=\/wp\/v2\/types\/page"}],"author":[{"embeddable":true,"href":"http:\/\/www.beweisaufnahme-homoeopathie.de\/index.php?rest_route=\/wp\/v2\/users\/1"}],"replies":[{"embeddable":true,"href":"http:\/\/www.beweisaufnahme-homoeopathie.de\/index.php?rest_route=%2Fwp%2Fv2%2Fcomments&post=72"}],"version-history":[{"count":22,"href":"http:\/\/www.beweisaufnahme-homoeopathie.de\/index.php?rest_route=\/wp\/v2\/pages\/72\/revisions"}],"predecessor-version":[{"id":5055,"href":"http:\/\/www.beweisaufnahme-homoeopathie.de\/index.php?rest_route=\/wp\/v2\/pages\/72\/revisions\/5055"}],"wp:attachment":[{"href":"http:\/\/www.beweisaufnahme-homoeopathie.de\/index.php?rest_route=%2Fwp%2Fv2%2Fmedia&parent=72"}],"curies":[{"name":"wp","href":"https:\/\/api.w.org\/{rel}","templated":true}]}}