{"id":63,"date":"2013-04-30T10:37:58","date_gmt":"2013-04-30T08:37:58","guid":{"rendered":"http:\/\/www.beweisaufnahme-homoeopathie.de\/Blog\/?page_id=63"},"modified":"2015-05-12T14:00:46","modified_gmt":"2015-05-12T12:00:46","slug":"mich","status":"publish","type":"page","link":"http:\/\/www.beweisaufnahme-homoeopathie.de\/?page_id=63","title":{"rendered":"&#8230; mich"},"content":{"rendered":"<div class=\"shariff shariff-align-flex-start shariff-widget-align-flex-start\" data-services=\"facebook%7Ctwitter\" data-url=\"http%3A%2F%2Fwww.beweisaufnahme-homoeopathie.de%2F%3Fpage_id%3D63\" data-timestamp=\"1431439246\" data-hidezero=\"1\" data-backendurl=\"?rest_route=\/shariff\/v1\/share_counts&\"><ul class=\"shariff-buttons theme-default wcag_colors orientation-horizontal buttonsize-small\"><li class=\"shariff-button facebook shariff-nocustomcolor\" style=\"background-color:#000\"><a href=\"https:\/\/www.facebook.com\/sharer\/sharer.php?u=http%3A%2F%2Fwww.beweisaufnahme-homoeopathie.de%2F%3Fpage_id%3D63\" title=\"Bei Facebook teilen\" aria-label=\"Bei Facebook teilen\" role=\"button\" rel=\"nofollow\" class=\"shariff-link\" style=\"; background-color:#38548F; color:#fff\" target=\"_blank\"><span class=\"shariff-icon\" style=\"\"><svg width=\"32px\" height=\"20px\" xmlns=\"http:\/\/www.w3.org\/2000\/svg\" viewBox=\"0 0 18 32\"><path fill=\"#3b5998\" d=\"M17.1 0.2v4.7h-2.8q-1.5 0-2.1 0.6t-0.5 1.9v3.4h5.2l-0.7 5.3h-4.5v13.6h-5.5v-13.6h-4.5v-5.3h4.5v-3.9q0-3.3 1.9-5.2t5-1.8q2.6 0 4.1 0.2z\"\/><\/svg><\/span><span class=\"shariff-text\">teilen<\/span>&nbsp;<span data-service=\"facebook\" style=\"color:#38548F\" class=\"shariff-count\"> 12<\/span>&nbsp;<\/a><\/li><li class=\"shariff-button twitter shariff-nocustomcolor\" style=\"background-color:#000\"><a href=\"https:\/\/twitter.com\/share?url=http%3A%2F%2Fwww.beweisaufnahme-homoeopathie.de%2F%3Fpage_id%3D63&text=%E2%80%A6%20mich\" title=\"Bei Twitter teilen\" aria-label=\"Bei Twitter teilen\" role=\"button\" rel=\"noopener nofollow\" class=\"shariff-link\" style=\"; background-color:#115A92; color:#fff\" target=\"_blank\"><span class=\"shariff-icon\" style=\"\"><svg width=\"32px\" height=\"20px\" xmlns=\"http:\/\/www.w3.org\/2000\/svg\" viewBox=\"0 0 30 32\"><path fill=\"#55acee\" d=\"M29.7 6.8q-1.2 1.8-3 3.1 0 0.3 0 0.8 0 2.5-0.7 4.9t-2.2 4.7-3.5 4-4.9 2.8-6.1 1q-5.1 0-9.3-2.7 0.6 0.1 1.5 0.1 4.3 0 7.6-2.6-2-0.1-3.5-1.2t-2.2-3q0.6 0.1 1.1 0.1 0.8 0 1.6-0.2-2.1-0.4-3.5-2.1t-1.4-3.9v-0.1q1.3 0.7 2.8 0.8-1.2-0.8-2-2.2t-0.7-2.9q0-1.7 0.8-3.1 2.3 2.8 5.5 4.5t7 1.9q-0.2-0.7-0.2-1.4 0-2.5 1.8-4.3t4.3-1.8q2.7 0 4.5 1.9 2.1-0.4 3.9-1.5-0.7 2.2-2.7 3.4 1.8-0.2 3.5-0.9z\"\/><\/svg><\/span><span class=\"shariff-text\">twittern<\/span>&nbsp;<span data-service=\"twitter\" style=\"color:#115A92\" class=\"shariff-count shariff-hidezero\"><\/span>&nbsp;<\/a><\/li><li class=\"shariff-button rss shariff-nocustomcolor\" style=\"background-color:#000\"><a href=\"http:\/\/www.beweisaufnahme-homoeopathie.de\/?feed=rss\" title=\"RSS-feed\" aria-label=\"RSS-feed\" role=\"button\" class=\"shariff-link\" style=\"; background-color:#aa2e00; color:#fff\" target=\"_blank\"><span class=\"shariff-icon\" style=\"\"><svg width=\"32px\" height=\"20px\" xmlns=\"http:\/\/www.w3.org\/2000\/svg\" viewBox=\"0 0 32 32\"><path fill=\"#fe9312\" d=\"M4.3 23.5c-2.3 0-4.3 1.9-4.3 4.3 0 2.3 1.9 4.2 4.3 4.2 2.4 0 4.3-1.9 4.3-4.2 0-2.3-1.9-4.3-4.3-4.3zM0 10.9v6.1c4 0 7.7 1.6 10.6 4.4 2.8 2.8 4.4 6.6 4.4 10.6h6.2c0-11.7-9.5-21.1-21.1-21.1zM0 0v6.1c14.2 0 25.8 11.6 25.8 25.9h6.2c0-17.6-14.4-32-32-32z\"\/><\/svg><\/span><span class=\"shariff-text\">RSS-feed<\/span>&nbsp;<\/a><\/li><\/ul><\/div><p style=\"text-align: left;\"><img loading=\"lazy\" class=\"size-medium wp-image-197 alignright\" src=\"http:\/\/www.beweisaufnahme-homoeopathie.de\/blog\/wp-content\/uploads\/2013\/04\/Autor-300x200.jpg\" alt=\"Autor\" width=\"300\" height=\"200\" srcset=\"http:\/\/www.beweisaufnahme-homoeopathie.de\/blog\/wp-content\/uploads\/2013\/04\/Autor-300x200.jpg 300w, http:\/\/www.beweisaufnahme-homoeopathie.de\/blog\/wp-content\/uploads\/2013\/04\/Autor.jpg 562w\" sizes=\"(max-width: 300px) 100vw, 300px\" \/>Geboren 1952 habe ich nach dem Abitur das Fach &#8218;Allgemeiner Maschinenbau&#8216; studiert und als Diplom-Ingenieur (TU) abgeschlossen. Nach einigen Jahren in der Industrie im Bereich Gro\u00dfanlagenbau\u00a0habe ich\u00a0als wissenschaftlicher Assistent dann im Gebiet Thermische Turbomaschinen promoviert. Mehr als zwanzig Jahre lang war ich danach bei verschiedenen gro\u00dfen Firmen in verantwortlicher Position in Forschung und Entwicklung sowie Qualit\u00e4tsmanagement im Bereich Vakuumpumpen und Kompressoren t\u00e4tig. Die Finanzkrise 2008 ist an meinem Arbeitgeber nicht ganz spurlos vor\u00fcber gegangen, daher habe ich in der Folge\u00a0meine aktive Berufslaufbahn beendet und kann mich jetzt voll meinen Interessen widmen. Mit Wirkung vom 1. 10. 2013 bin ich der Gesellschaft\u00a0zur wissenschaftlichen Untersuchung von Parawissenschaften e.V. beigetreten.<\/p>\n<p style=\"text-align: left;\">Wie Sie sehen, bin ich kein Mediziner.<\/p>\n<p>Mit der Hom\u00f6opathie kam ich in Ber\u00fchrung, als meine Frau eine solche Behandlung begann, die allerdings auch nach l\u00e4ngerer Zeit und verschiedenen Versuchen nicht zum Erfolg f\u00fchrte. Ich begann zu ergr\u00fcnden, was Hom\u00f6opathie ist, habe intensiv in der wissenschaftlichen Literatur recherchiert &#8211; und muss mich sehr dar\u00fcber wundern, wie wenig glaubhaft das Ganze ist, ein krasser Gegensatz zum gegenw\u00e4rtigen wirtschaftlichen Erfolg der Hom\u00f6opathie. Dies war f\u00fcr mich der Anlass, meine Ergebnisse in Buchform zu ver\u00f6ffentlichen.<\/p>\n<p>Warum halte ich mich f\u00fcr qualifiziert, mich mit diesem Thema zu besch\u00e4ftigen?<\/p>\n<p>Was meine Skepsis erregt, ist die Tatsache, dass es f\u00fcr die Wirkung hom\u00f6opathischer Arzneimittel keine auf anerkannten physikalischen Erkenntnissen basierende Erkl\u00e4rung gibt, dass noch nicht einmal belastbare Nachweise daf\u00fcr existieren, dass es eine solche Wirkung \u00fcberhaupt gibt. Sich mit diesen Fragen zu besch\u00e4ftigen, dazu f\u00fchle ich mich sehr wohl qualifiziert. Hierzu gen\u00fcgen intensive Kenntnisse in der Physik, in Versuchsgestaltung und Auswertung, in Mathematik, Statistik und allgemeiner Logik. Es geht um die Frage, wie kommt das Belladonna als hom\u00f6opathisches Medikament dazu, auf den Patienten zu wirken? Ist \u00fcberhaupt eine Wirkung nachweisbar? Ob Belladonna dann, wenn eine dieser Fragen\u00a0positiv zu beantworten w\u00e4re,\u00a0tats\u00e4chlich geeignet w\u00e4re, Kopfschmerzen wirksam zu bek\u00e4mpfen, welche Reaktionen dann im K\u00f6rper ablaufen m\u00fcssten, ob die Art der Einwirkung \u00fcberhaupt die spezielle medizinische Wirkung erzeugen k\u00f6nnte &#8211; das sind Fragen, zu denen ich nichts beitragen kann, die ich folglich nicht behandle, weder in meinem Buch noch in diesem Blog.<\/p>\n<p>In meinem fr\u00fcheren Arbeitsgebiet hat man es in hohem Umfang mit klassischer Physik zu tun: Mechanik, Thermodynamik, Str\u00f6mungslehre sind die Grundlagenf\u00e4cher. Im Bereich Forschung und Entwicklung besch\u00e4ftigt man sich mit wissenschaftlicher Literatur, man untersucht Wirkzusammenh\u00e4nge experimentell und steht oft vor der Frage, ob die erlangten Ergebnisse auch aussagekr\u00e4ftig sind. Prinzipiell w\u00fcrde man\u00a0zwar\u00a0&#8217;nur&#8216; Geld vernichten, wenn man das falsch macht, aber die Problematik, warum ein Produkt beim Kunden nicht wie erwartet funktioniert, die Suche nach Abhilfema\u00dfnahmen, die \u00dcberpr\u00fcfung der Wirksamkeit eingef\u00fchrter Produkt\u00e4nderungen, ist prinzipiell nicht sehr verschieden von dem, wie bei der Bewertung der Wirksamkeit von Therapien und Arzneien vorgegangen wird. Daher glaube ich, hier wesentliche Beitr\u00e4ge liefern zu k\u00f6nnen. Genaueres k\u00f6nnen Sie auf der Seite \u00fcber <a href=\"http:\/\/www.beweisaufnahme-homoeopathie.de\/?page_id=52\">diesen Blog <\/a>lesen.<\/p>\n<p>Zum Abschluss:<\/p>\n<p>Ich sagte, ich bin kein Mediziner, ich habe also keine wirtschaftlichen Interessen daran, ob Patienten einen Hom\u00f6opathen aufsuchen oder nicht. Ich habe auch im n\u00e4heren und weiteren Verwandten- und Freundeskreis keine Mediziner oder andere Therapeuten, die davon profitieren w\u00fcrden. Ich werde von keiner Organisation, besonders nicht von der Pharmaindustrie\u00a0oder irgendeiner ihrer Interessenvertretungen, bezahlt. Der einzige Gewinn, den ich erziele, liegt in dem Verkaufserl\u00f6s <a href=\"http:\/\/www.beweisaufnahme-homoeopathie.de\/?page_id=72\">meines Buches<\/a> (den Sie nat\u00fcrlich nach Kr\u00e4ften unterst\u00fctzen\u00a0sollten :-)). Daher sei hier festgestellt:<\/p>\n<p><strong>Es liegen keine Interessenkonflikte vor.<\/strong><\/p>\n<p>Norbert Aust, 7. Dezember 2013<\/p>\n<p>Bildquelle: Aufnahme Dirk Vespermann, Wehr.<\/p>\n","protected":false},"excerpt":{"rendered":"<p>Geboren 1952 habe ich nach dem Abitur das Fach &#8218;Allgemeiner Maschinenbau&#8216; studiert und als Diplom-Ingenieur (TU) abgeschlossen. Nach einigen Jahren in der Industrie im Bereich Gro\u00dfanlagenbau\u00a0habe ich\u00a0als wissenschaftlicher Assistent dann im Gebiet Thermische Turbomaschinen promoviert. Mehr als zwanzig Jahre lang &hellip; <a href=\"http:\/\/www.beweisaufnahme-homoeopathie.de\/?page_id=63\">Weiterlesen <span class=\"meta-nav\">&rarr;<\/span><\/a><\/p>\n","protected":false},"author":1,"featured_media":0,"parent":0,"menu_order":0,"comment_status":"open","ping_status":"open","template":"","meta":[],"_links":{"self":[{"href":"http:\/\/www.beweisaufnahme-homoeopathie.de\/index.php?rest_route=\/wp\/v2\/pages\/63"}],"collection":[{"href":"http:\/\/www.beweisaufnahme-homoeopathie.de\/index.php?rest_route=\/wp\/v2\/pages"}],"about":[{"href":"http:\/\/www.beweisaufnahme-homoeopathie.de\/index.php?rest_route=\/wp\/v2\/types\/page"}],"author":[{"embeddable":true,"href":"http:\/\/www.beweisaufnahme-homoeopathie.de\/index.php?rest_route=\/wp\/v2\/users\/1"}],"replies":[{"embeddable":true,"href":"http:\/\/www.beweisaufnahme-homoeopathie.de\/index.php?rest_route=%2Fwp%2Fv2%2Fcomments&post=63"}],"version-history":[{"count":18,"href":"http:\/\/www.beweisaufnahme-homoeopathie.de\/index.php?rest_route=\/wp\/v2\/pages\/63\/revisions"}],"predecessor-version":[{"id":2496,"href":"http:\/\/www.beweisaufnahme-homoeopathie.de\/index.php?rest_route=\/wp\/v2\/pages\/63\/revisions\/2496"}],"wp:attachment":[{"href":"http:\/\/www.beweisaufnahme-homoeopathie.de\/index.php?rest_route=%2Fwp%2Fv2%2Fmedia&parent=63"}],"curies":[{"name":"wp","href":"https:\/\/api.w.org\/{rel}","templated":true}]}}