{"id":5370,"date":"2020-01-13T16:40:38","date_gmt":"2020-01-13T15:40:38","guid":{"rendered":"http:\/\/www.beweisaufnahme-homoeopathie.de\/?page_id=5370"},"modified":"2020-01-13T16:42:03","modified_gmt":"2020-01-13T15:42:03","slug":"datenschutzerklaerung-und-einwilligungn","status":"publish","type":"page","link":"http:\/\/www.beweisaufnahme-homoeopathie.de\/?page_id=5370","title":{"rendered":"Datenschutzerkl\u00e4rung und Einwilligungen"},"content":{"rendered":"<div class=\"shariff shariff-align-flex-start shariff-widget-align-flex-start\" data-services=\"facebook%7Ctwitter\" data-url=\"http%3A%2F%2Fwww.beweisaufnahme-homoeopathie.de%2F%3Fpage_id%3D5370\" data-timestamp=\"1578933723\" data-hidezero=\"1\" data-backendurl=\"?rest_route=\/shariff\/v1\/share_counts&\"><ul class=\"shariff-buttons theme-default wcag_colors orientation-horizontal buttonsize-small\"><li class=\"shariff-button facebook shariff-nocustomcolor\" style=\"background-color:#000\"><a href=\"https:\/\/www.facebook.com\/sharer\/sharer.php?u=http%3A%2F%2Fwww.beweisaufnahme-homoeopathie.de%2F%3Fpage_id%3D5370\" title=\"Bei Facebook teilen\" aria-label=\"Bei Facebook teilen\" role=\"button\" rel=\"nofollow\" class=\"shariff-link\" style=\"; background-color:#38548F; color:#fff\" target=\"_blank\"><span class=\"shariff-icon\" style=\"\"><svg width=\"32px\" height=\"20px\" xmlns=\"http:\/\/www.w3.org\/2000\/svg\" viewBox=\"0 0 18 32\"><path fill=\"#3b5998\" d=\"M17.1 0.2v4.7h-2.8q-1.5 0-2.1 0.6t-0.5 1.9v3.4h5.2l-0.7 5.3h-4.5v13.6h-5.5v-13.6h-4.5v-5.3h4.5v-3.9q0-3.3 1.9-5.2t5-1.8q2.6 0 4.1 0.2z\"\/><\/svg><\/span><span class=\"shariff-text\">teilen<\/span>&nbsp;<span data-service=\"facebook\" style=\"color:#38548F\" class=\"shariff-count shariff-hidezero\"><\/span>&nbsp;<\/a><\/li><li class=\"shariff-button twitter shariff-nocustomcolor\" style=\"background-color:#000\"><a href=\"https:\/\/twitter.com\/share?url=http%3A%2F%2Fwww.beweisaufnahme-homoeopathie.de%2F%3Fpage_id%3D5370&text=Datenschutzerkl%C3%A4rung%20und%20Einwilligungen\" title=\"Bei Twitter teilen\" aria-label=\"Bei Twitter teilen\" role=\"button\" rel=\"noopener nofollow\" class=\"shariff-link\" style=\"; background-color:#115A92; color:#fff\" target=\"_blank\"><span class=\"shariff-icon\" style=\"\"><svg width=\"32px\" height=\"20px\" xmlns=\"http:\/\/www.w3.org\/2000\/svg\" viewBox=\"0 0 30 32\"><path fill=\"#55acee\" d=\"M29.7 6.8q-1.2 1.8-3 3.1 0 0.3 0 0.8 0 2.5-0.7 4.9t-2.2 4.7-3.5 4-4.9 2.8-6.1 1q-5.1 0-9.3-2.7 0.6 0.1 1.5 0.1 4.3 0 7.6-2.6-2-0.1-3.5-1.2t-2.2-3q0.6 0.1 1.1 0.1 0.8 0 1.6-0.2-2.1-0.4-3.5-2.1t-1.4-3.9v-0.1q1.3 0.7 2.8 0.8-1.2-0.8-2-2.2t-0.7-2.9q0-1.7 0.8-3.1 2.3 2.8 5.5 4.5t7 1.9q-0.2-0.7-0.2-1.4 0-2.5 1.8-4.3t4.3-1.8q2.7 0 4.5 1.9 2.1-0.4 3.9-1.5-0.7 2.2-2.7 3.4 1.8-0.2 3.5-0.9z\"\/><\/svg><\/span><span class=\"shariff-text\">twittern<\/span>&nbsp;<span data-service=\"twitter\" style=\"color:#115A92\" class=\"shariff-count shariff-hidezero\"><\/span>&nbsp;<\/a><\/li><li class=\"shariff-button rss shariff-nocustomcolor\" style=\"background-color:#000\"><a href=\"http:\/\/www.beweisaufnahme-homoeopathie.de\/?feed=rss\" title=\"RSS-feed\" aria-label=\"RSS-feed\" role=\"button\" class=\"shariff-link\" style=\"; background-color:#aa2e00; color:#fff\" target=\"_blank\"><span class=\"shariff-icon\" style=\"\"><svg width=\"32px\" height=\"20px\" xmlns=\"http:\/\/www.w3.org\/2000\/svg\" viewBox=\"0 0 32 32\"><path fill=\"#fe9312\" d=\"M4.3 23.5c-2.3 0-4.3 1.9-4.3 4.3 0 2.3 1.9 4.2 4.3 4.2 2.4 0 4.3-1.9 4.3-4.2 0-2.3-1.9-4.3-4.3-4.3zM0 10.9v6.1c4 0 7.7 1.6 10.6 4.4 2.8 2.8 4.4 6.6 4.4 10.6h6.2c0-11.7-9.5-21.1-21.1-21.1zM0 0v6.1c14.2 0 25.8 11.6 25.8 25.9h6.2c0-17.6-14.4-32-32-32z\"\/><\/svg><\/span><span class=\"shariff-text\">RSS-feed<\/span>&nbsp;<\/a><\/li><\/ul><\/div>\n<h1>Datenschutz<\/h1>\n\n\n\n<h1>Datenschutzerkl\u00e4rung und Einwilligungen<\/h1>\n\n\n\n<p>Inhaltsverzeichnis<br>\n1. Zielsetzung und verantwortliche Stelle<br>\n2. Grunds\u00e4tzliche Angaben zur Datenverarbeitung<br>\n3. Verarbeitung personenbezogener Daten<br>\n4. Erhebung von Zugriffsdaten<br>\n5. Cookies &amp; Reichweitenmessung<br>\n6. Google Analytics<br>\n7. Social Plugins<br>\n8. Einbindung von Diensten und Inhalten Dritter<br>\n9. Rechte der Nutzer und L\u00f6schung<br>\n10. \u00c4nderungen der Datenschutzerkl\u00e4rung<\/p>\n\n\n\n<h2>1. Zielsetzung und verantwortliche Stelle<\/h2>\n\n\n\n<p>Diese Datenschutzerkl\u00e4rung kl\u00e4rt \u00fcber die Art, den Umfang und Zweck \nder Verarbeitung (u.a. Erhebung, Verarbeitung und Nutzung sowie \nEinholung von Einwilligungen) von personenbezogenen Daten innerhalb \nunseres Onlineangebotes und der mit ihm verbundenen Webseiten, \nFunktionen und Inhalte (nachfolgend gemeinsam bezeichnet als \n\u201eOnlineangebot\u201c oder \u201eWebsite\u201c) auf. Die Datenschutzerkl\u00e4rung gilt \nunabh\u00e4ngig von den verwendeten Domains, Systemen, Plattformen und \nGer\u00e4ten (z.B. Desktop oder Mobile) auf denen das Onlineangebot \nausgef\u00fchrt wird.<\/p>\n\n\n\n<p>Anbieter des Onlineangebotes und die datenschutzrechtlich  verantwortliche Stelle ist Dr.-Ing. Norbert Aust, Fritz-Heeg-Erasmus-Stra\u00dfe 25, 79650 Schopfheim (nachfolgend bezeichnet als \u201eAnbieter\u201c, \u201ewir\u201c oder \u201euns\u201c). F\u00fcr die  Kontaktm\u00f6glichkeiten verweisen wir auf unser Impressum<\/p>\n\n\n\n<p>Der Begriff \u201eNutzer\u201c umfasst alle Kunden und Besucher unseres \nOnlineangebotes. Die verwendeten Begrifflichkeiten, wie z.B. \u201eNutzer\u201c \nsind geschlechtsneutral zu verstehen.<\/p>\n\n\n\n<h2>2. Grunds\u00e4tzliche Angaben zur Datenverarbeitung<\/h2>\n\n\n\n<p>Wir verarbeiten personenbezogene Daten der Nutzer nur unter \nEinhaltung der einschl\u00e4gigen Datenschutzbestimmungen entsprechend den \nGeboten der Datensparsamkeit- und Datenvermeidung. Das bedeutet die \nDaten der Nutzer werden nur beim Vorliegen einer gesetzlichen Erlaubnis,\n insbesondere wenn die Daten zur Erbringung unserer vertraglichen \nLeistungen sowie Online-Services erforderlich, bzw. gesetzlich \nvorgeschrieben sind oder beim Vorliegen einer Einwilligung verarbeitet.<\/p>\n\n\n\n<p>Wir treffen organisatorische, vertragliche und technische \nSicherheitsma\u00dfnahmen entsprechend dem Stand der Technik, um sicher zu \nstellen, dass die Vorschriften der Datenschutzgesetze eingehalten werden\n und um damit die durch uns verarbeiteten Daten gegen zuf\u00e4llige oder \nvors\u00e4tzliche Manipulationen, Verlust, Zerst\u00f6rung oder gegen den Zugriff \nunberechtigter Personen zu sch\u00fctzen.<\/p>\n\n\n\n<p>Sofern im Rahmen dieser Datenschutzerkl\u00e4rung Inhalte, Werkzeuge oder \nsonstige Mittel von anderen Anbietern (nachfolgend gemeinsam bezeichnet \nals \u201eDritt-Anbieter\u201c) eingesetzt werden und deren genannter Sitz im \nAusland ist, ist davon auszugehen, dass ein Datentransfer in die \nSitzstaaten der Dritt-Anbieter stattfindet. Die \u00dcbermittlung von Daten \nin Drittstaaten erfolgt entweder auf Grundlage einer gesetzlichen \nErlaubnis, einer Einwilligung der Nutzer oder spezieller \nVertragsklauseln, die eine gesetzlich vorausgesetzte Sicherheit der \nDaten gew\u00e4hrleisten.<\/p>\n\n\n\n<h2>3. Verarbeitung personenbezogener Daten<\/h2>\n\n\n\n<p>Die personenbezogenen Daten werden, neben den ausdr\u00fccklich in dieser \nDatenschutzerkl\u00e4rung genannten Verwendung, f\u00fcr die folgenden Zwecke auf \nGrundlage gesetzlicher Erlaubnisse oder Einwilligungen der Nutzer \nverarbeitet:<\/p>\n\n\n\n<ul><li>Zurverf\u00fcgungstellung, Ausf\u00fchrung, Pflege, Optimierung und Sicherung unserer Dienste-, Service- und Nutzerleistungen;<\/li><\/ul>\n\n\n\n<p>Wir \u00fcbermitteln die Daten der Nutzer an Dritte nur, wenn dies \naufgrund vertraglicher oder gesetzlicher Verpflichtungen notwendig ist.<\/p>\n\n\n\n<p>Bei der Kontaktaufnahme mit uns (per Kontaktformular oder Email) \nwerden die Angaben des Nutzers zwecks Bearbeitung der Anfrage sowie f\u00fcr \nden Fall, dass Anschlussfragen entstehen, gespeichert.<br>\nPersonenbezogene Daten werden gel\u00f6scht, sofern sie ihren \nVerwendungszweck erf\u00fcllt haben und der L\u00f6schung keine \nAufbewahrungspflichten entgegenstehen.<\/p>\n\n\n\n<h2>4. Erhebung von Zugriffsdaten<\/h2>\n\n\n\n<p>Wir erheben Daten \u00fcber jeden Zugriff auf den Server, auf dem sich \ndieser Dienst befindet (so genannte Serverlogfiles). Zu den \nZugriffsdaten geh\u00f6ren Name der abgerufenen Webseite, Datei, Datum und \nUhrzeit des Abrufs, \u00fcbertragene Datenmenge, Meldung \u00fcber erfolgreichen \nAbruf, Browsertyp nebst Version, das Betriebssystem des Nutzers, \nReferrer URL (soweit mitgesendet, die zuvor besuchte Seite), IP-Adresse \nund der anfragende Provider.<\/p>\n\n\n\n<p>Wir verwenden die Protokolldaten ohne Zuordnung zur Person des \nNutzers oder sonstiger Profilerstellung entsprechend den gesetzlichen \nBestimmungen nur f\u00fcr statistische Auswertungen zum Zweck des Betriebs, \nder Sicherheit und der Optimierung unseres Onlineangebotes. Wir behalten\n uns jedoch vor, die Protokolldaten nachtr\u00e4glich zu \u00fcberpr\u00fcfen, wenn \naufgrund konkreter Anhaltspunkte der berechtigte Verdacht einer \nrechtswidrigen Nutzung besteht.<\/p>\n\n\n\n<h2>5. Cookies &amp; Reichweitenmessung<\/h2>\n\n\n\n<p>Cookies sind Informationen, die von unserem Webserver oder Webservern\n Dritter an die Web-Browser der Nutzer \u00fcbertragen und dort f\u00fcr einen \nsp\u00e4teren Abruf gespeichert werden. \u00dcber den Einsatz von Cookies im \nRahmen pseudonymer Reichweitenmessung werden die Nutzer im Rahmen dieser\n Datenschutzerkl\u00e4rung informiert.<\/p>\n\n\n\n<p>Die Betrachtung dieses Onlineangebotes ist auch unter Ausschluss von \nCookies m\u00f6glich. Falls die Nutzer nicht m\u00f6chten, dass Cookies auf ihrem \nRechner gespeichert werden, werden sie gebeten die entsprechende Option \nin den Systemeinstellungen ihres Browsers zu deaktivieren. Gespeicherte \nCookies k\u00f6nnen in den Systemeinstellungen des Browsers gel\u00f6scht werden. \nDer Ausschluss von Cookies kann zu Funktionseinschr\u00e4nkungen dieses \nOnlineangebotes f\u00fchren.<\/p>\n\n\n\n<p>Es besteht die M\u00f6glichkeit, viele Online-Anzeigen-Cookies von Unternehmen \u00fcber die US-amerikanische Seite <a href=\"http:\/\/www.aboutads.info\/choices\" target=\"_blank\" rel=\"noreferrer noopener\" class=\"broken_link\">http:\/\/www.aboutads.info\/choices<\/a> oder die EU-Seite <a href=\"http:\/\/www.youronlinechoices.com\/uk\/your-ad-choices\/\" target=\"_blank\" rel=\"noreferrer noopener\">http:\/\/www.youronlinechoices.com\/uk\/your-ad-choices\/<\/a> zu verwalten.<\/p>\n\n\n\n<h2>6. Google Analytics<\/h2>\n\n\n\n<p>Wir verwenden Google Analytics, um die Website-Nutzung zu \nanalysieren. Die daraus gewonnenen Daten werden genutzt, um unsere \nWebsite sowie Werbema\u00dfnahmen zu optimieren.&nbsp;<\/p>\n\n\n\n<p>Google Analytics ist ein Webanalysedienst, der von <em>Google Inc.<\/em>\n (1600 Amphitheatre Parkway, Mountain View, CA 94043, United States) \nbetrieben und bereitgestellt wird. Google verarbeitet die Daten zur \nWebsite-Nutzung in unserem Auftrag und verpflichtet sich vertraglich zu \nMa\u00dfnahmen, um die Vertraulichkeit der verarbeiteten Daten zu \ngew\u00e4hrleisten.<\/p>\n\n\n\n<p>W\u00e4hrend Ihres Website-Besuchs werden u.a. folgende Daten aufgezeichnet:<\/p>\n\n\n\n<ul><li>Aufgerufene Seiten<\/li><li>Die Erreichung von &#8222;Website-Zielen&#8220; (z.B. Kontaktanfragen und Newsletter-Anmeldungen)<\/li><li>Ihr Verhalten auf den Seiten (beispielsweise Klicks, Scroll-Verhalten und Verweildauer)<\/li><li>Ihr ungef\u00e4hrer Standort (Land und Stadt)<\/li><li>Ihre IP-Adresse (in gek\u00fcrzter Form, sodass keine eindeutige Zuordnung m\u00f6glich ist)<\/li><li>Technische Informationen wie Browser, Internetanbieter, Endger\u00e4t und Bildschirmaufl\u00f6sung<\/li><li>Herkunftsquelle Ihres Besuchs (d.h. \u00fcber welche Website bzw. \u00fcber welches Werbemittel Sie zu uns gekommen sind)<\/li><\/ul>\n\n\n\n<p>Diese Daten werden an einen Server von Google in den USA \u00fcbertragen. \nGoogle beachtet dabei die Datenschutzbestimmungen des \u201eEU-US Privacy \nShield\u201c-Abkommens.<\/p>\n\n\n\n<p>Google Analytics speichert Cookies in Ihrem Webbrowser f\u00fcr die Dauer \nvon zwei&nbsp;Jahren seit Ihrem letzten Besuch. Diese Cookies enthaltene eine\n zufallsgenerierte User-ID, mit der Sie bei zuk\u00fcnftigen Website-Besuchen\n wiedererkannt werden k\u00f6nnen.<\/p>\n\n\n\n<p>Die aufgezeichneten Daten werden zusammen mit der zufallsgenerierten \nUser-ID gespeichert, was die Auswertung pseudonymer Nutzerprofile \nerm\u00f6glicht. Diese nutzerbezogenen Daten werden automatisch nach 14 Monaten gel\u00f6scht. Sonstige Daten bleiben in aggregierter Form unbefristet gespeichert.<\/p>\n\n\n\n<p>Sollten Sie mit der Erfassung nicht einverstanden sein, k\u00f6nnen Sie diese mit der einmaligen Installation des <a href=\"https:\/\/tools.google.com\/dlpage\/gaoptout?hl=de\">Browser-Add-ons zur Deaktivierung von Google Analytics<\/a> unterbinden.<\/p>\n\n\n\n<p><em>Quelle: <a href=\"https:\/\/traffic3.net\/\">traffic3.net<\/a><\/em><\/p>\n\n\n\n<p><\/p>\n\n\n\n<h2>7. Social Plugins<\/h2>\n\n\n\n<p>Wir bieten Ihnen auf unserer Website die M\u00f6glichkeit zur Nutzung von \nsogenannten \u201eSocial-Media-Buttons\u201c an. Zum Schutz Ihrer Daten setzen wir\n bei der Implementierung auf die L\u00f6sung \u201eShariff\u201c. Hierdurch werden \ndiese Buttons auf unserer Seite lediglich als statische Grafik \neingebunden, die eine Verlinkung auf die entsprechende Website des \nAnbieters enth\u00e4lt. Durch das Anklicken der Grafik werden Sie somit zu \nder Website des jeweiligen Anbieters weitergeleitet, genauso wie es auch\n bei normalen Links funktioniert. Erst beim Aufruf der Website des \nAnbieters erh\u00e4lt dieser Informationen \u00fcber Sie, wie zum Beispiel Ihre \nIP-Adresse. Sofern Sie die Button-Grafiken nicht anklicken, findet \nkeinerlei Datenaustausch statt. Informationen \u00fcber die Erhebung und \nVerwendung Ihrer Daten in den sozialen Netzwerken finden Sie in den \njeweiligen Nutzungsbedingungen der entsprechenden Anbieter. Mehr \nInformationen \u00fcber das Plugin und zur Shariff-L\u00f6sung finden Sie hier: \nhttps:\/\/de.wordpress.org\/plugins\/shariff\/<\/p>\n\n\n\n<p>Wir bieten auf unserer Website Buttons f\u00fcr die folgenden Dienste \/ Unternehmen an: Facebook, Twitter, RSS-feed<\/p>\n\n\n\n<h2>8. Einbindung von Diensten und Inhalten Dritter<\/h2>\n\n\n\n<p>Auf diesem Blog werden keine Dienste und Inhalte von Drittanbietern eingebunden.<\/p>\n\n\n\n<h2>9. Rechte der Nutzer und L\u00f6schung von Daten<\/h2>\n\n\n\n<p>Nutzer haben das Recht, auf Antrag unentgeltlich Auskunft zu erhalten\n \u00fcber die personenbezogenen Daten, die von uns \u00fcber sie gespeichert \nwurden.<br>\nZus\u00e4tzlich haben die Nutzer das Recht auf Berichtigung unrichtiger \nDaten, Widerruf von Einwilligungen, Sperrung und L\u00f6schung ihrer \npersonenbezogenen Daten sowie das Recht, im Fall der Annahme einer \nunrechtm\u00e4\u00dfigen Datenverarbeitung eine Beschwerde bei der zust\u00e4ndigen \nAufsichtsbeh\u00f6rde einzureichen.<\/p>\n\n\n\n<p>Die bei uns gespeicherten Daten werden gel\u00f6scht, sobald sie f\u00fcr ihre \nZweckbestimmung nicht mehr erforderlich sind und der L\u00f6schung keine \ngesetzlichen Aufbewahrungspflichten entgegenstehen.<\/p>\n\n\n\n<h2>10. \u00c4nderungen der Datenschutzerkl\u00e4rung<\/h2>\n\n\n\n<p>Wir behalten uns vor, die Datenschutzerkl\u00e4rung zu \u00e4ndern, um sie an \nge\u00e4nderte Rechtslagen, oder bei \u00c4nderungen des Dienstes sowie der \nDatenverarbeitung anzupassen. Dies gilt jedoch nur im Hinblick auf \nErkl\u00e4rungen zur Datenverarbeitung. Sofern Einwilligungen der Nutzer \nerforderlich sind oder Bestandteile der Datenschutzerkl\u00e4rung Regelungen \ndes Vertragsverh\u00e4ltnisses mit den Nutzern enthalten, erfolgen die \n\u00c4nderungen nur mit Zustimmung der Nutzer.<br>\nDie Nutzer werden gebeten sich regelm\u00e4\u00dfig \u00fcber den Inhalt der Datenschutzerkl\u00e4rung zu informieren.<\/p>\n\n\n\n<p>Stand: 12.01.2020<\/p>\n","protected":false},"excerpt":{"rendered":"<p>Datenschutz Datenschutzerkl\u00e4rung und Einwilligungen Inhaltsverzeichnis 1. Zielsetzung und verantwortliche Stelle 2. Grunds\u00e4tzliche Angaben zur Datenverarbeitung 3. Verarbeitung personenbezogener Daten 4. Erhebung von Zugriffsdaten 5. Cookies &amp; Reichweitenmessung 6. Google Analytics 7. Social Plugins 8. Einbindung von Diensten und Inhalten Dritter &hellip; <a href=\"http:\/\/www.beweisaufnahme-homoeopathie.de\/?page_id=5370\">Weiterlesen <span class=\"meta-nav\">&rarr;<\/span><\/a><\/p>\n","protected":false},"author":1,"featured_media":0,"parent":0,"menu_order":0,"comment_status":"closed","ping_status":"closed","template":"","meta":[],"_links":{"self":[{"href":"http:\/\/www.beweisaufnahme-homoeopathie.de\/index.php?rest_route=\/wp\/v2\/pages\/5370"}],"collection":[{"href":"http:\/\/www.beweisaufnahme-homoeopathie.de\/index.php?rest_route=\/wp\/v2\/pages"}],"about":[{"href":"http:\/\/www.beweisaufnahme-homoeopathie.de\/index.php?rest_route=\/wp\/v2\/types\/page"}],"author":[{"embeddable":true,"href":"http:\/\/www.beweisaufnahme-homoeopathie.de\/index.php?rest_route=\/wp\/v2\/users\/1"}],"replies":[{"embeddable":true,"href":"http:\/\/www.beweisaufnahme-homoeopathie.de\/index.php?rest_route=%2Fwp%2Fv2%2Fcomments&post=5370"}],"version-history":[{"count":4,"href":"http:\/\/www.beweisaufnahme-homoeopathie.de\/index.php?rest_route=\/wp\/v2\/pages\/5370\/revisions"}],"predecessor-version":[{"id":5439,"href":"http:\/\/www.beweisaufnahme-homoeopathie.de\/index.php?rest_route=\/wp\/v2\/pages\/5370\/revisions\/5439"}],"wp:attachment":[{"href":"http:\/\/www.beweisaufnahme-homoeopathie.de\/index.php?rest_route=%2Fwp%2Fv2%2Fmedia&parent=5370"}],"curies":[{"name":"wp","href":"https:\/\/api.w.org\/{rel}","templated":true}]}}