{"id":505,"date":"2013-06-18T16:10:34","date_gmt":"2013-06-18T14:10:34","guid":{"rendered":"http:\/\/www.beweisaufnahme-homoeopathie.de\/?page_id=505"},"modified":"2014-11-24T23:50:32","modified_gmt":"2014-11-24T21:50:32","slug":"autoren","status":"publish","type":"page","link":"http:\/\/www.beweisaufnahme-homoeopathie.de\/?page_id=505","title":{"rendered":"Autorensuche"},"content":{"rendered":"<div class=\"shariff shariff-align-flex-start shariff-widget-align-flex-start\" data-services=\"facebook%7Ctwitter\" data-url=\"http%3A%2F%2Fwww.beweisaufnahme-homoeopathie.de%2F%3Fpage_id%3D505\" data-timestamp=\"1416873032\" data-hidezero=\"1\" data-backendurl=\"?rest_route=\/shariff\/v1\/share_counts&\"><ul class=\"shariff-buttons theme-default wcag_colors orientation-horizontal buttonsize-small\"><li class=\"shariff-button facebook shariff-nocustomcolor\" style=\"background-color:#000\"><a href=\"https:\/\/www.facebook.com\/sharer\/sharer.php?u=http%3A%2F%2Fwww.beweisaufnahme-homoeopathie.de%2F%3Fpage_id%3D505\" title=\"Bei Facebook teilen\" aria-label=\"Bei Facebook teilen\" role=\"button\" rel=\"nofollow\" class=\"shariff-link\" style=\"; background-color:#38548F; color:#fff\" target=\"_blank\"><span class=\"shariff-icon\" style=\"\"><svg width=\"32px\" height=\"20px\" xmlns=\"http:\/\/www.w3.org\/2000\/svg\" viewBox=\"0 0 18 32\"><path fill=\"#3b5998\" d=\"M17.1 0.2v4.7h-2.8q-1.5 0-2.1 0.6t-0.5 1.9v3.4h5.2l-0.7 5.3h-4.5v13.6h-5.5v-13.6h-4.5v-5.3h4.5v-3.9q0-3.3 1.9-5.2t5-1.8q2.6 0 4.1 0.2z\"\/><\/svg><\/span><span class=\"shariff-text\">teilen<\/span>&nbsp;<span data-service=\"facebook\" style=\"color:#38548F\" class=\"shariff-count\"> 19<\/span>&nbsp;<\/a><\/li><li class=\"shariff-button twitter shariff-nocustomcolor\" style=\"background-color:#000\"><a href=\"https:\/\/twitter.com\/share?url=http%3A%2F%2Fwww.beweisaufnahme-homoeopathie.de%2F%3Fpage_id%3D505&text=Autorensuche\" title=\"Bei Twitter teilen\" aria-label=\"Bei Twitter teilen\" role=\"button\" rel=\"noopener nofollow\" class=\"shariff-link\" style=\"; background-color:#115A92; color:#fff\" target=\"_blank\"><span class=\"shariff-icon\" style=\"\"><svg width=\"32px\" height=\"20px\" xmlns=\"http:\/\/www.w3.org\/2000\/svg\" viewBox=\"0 0 30 32\"><path fill=\"#55acee\" d=\"M29.7 6.8q-1.2 1.8-3 3.1 0 0.3 0 0.8 0 2.5-0.7 4.9t-2.2 4.7-3.5 4-4.9 2.8-6.1 1q-5.1 0-9.3-2.7 0.6 0.1 1.5 0.1 4.3 0 7.6-2.6-2-0.1-3.5-1.2t-2.2-3q0.6 0.1 1.1 0.1 0.8 0 1.6-0.2-2.1-0.4-3.5-2.1t-1.4-3.9v-0.1q1.3 0.7 2.8 0.8-1.2-0.8-2-2.2t-0.7-2.9q0-1.7 0.8-3.1 2.3 2.8 5.5 4.5t7 1.9q-0.2-0.7-0.2-1.4 0-2.5 1.8-4.3t4.3-1.8q2.7 0 4.5 1.9 2.1-0.4 3.9-1.5-0.7 2.2-2.7 3.4 1.8-0.2 3.5-0.9z\"\/><\/svg><\/span><span class=\"shariff-text\">twittern<\/span>&nbsp;<span data-service=\"twitter\" style=\"color:#115A92\" class=\"shariff-count shariff-hidezero\"><\/span>&nbsp;<\/a><\/li><li class=\"shariff-button rss shariff-nocustomcolor\" style=\"background-color:#000\"><a href=\"http:\/\/www.beweisaufnahme-homoeopathie.de\/?feed=rss\" title=\"RSS-feed\" aria-label=\"RSS-feed\" role=\"button\" class=\"shariff-link\" style=\"; background-color:#aa2e00; color:#fff\" target=\"_blank\"><span class=\"shariff-icon\" style=\"\"><svg width=\"32px\" height=\"20px\" xmlns=\"http:\/\/www.w3.org\/2000\/svg\" viewBox=\"0 0 32 32\"><path fill=\"#fe9312\" d=\"M4.3 23.5c-2.3 0-4.3 1.9-4.3 4.3 0 2.3 1.9 4.2 4.3 4.2 2.4 0 4.3-1.9 4.3-4.2 0-2.3-1.9-4.3-4.3-4.3zM0 10.9v6.1c4 0 7.7 1.6 10.6 4.4 2.8 2.8 4.4 6.6 4.4 10.6h6.2c0-11.7-9.5-21.1-21.1-21.1zM0 0v6.1c14.2 0 25.8 11.6 25.8 25.9h6.2c0-17.6-14.4-32-32-32z\"\/><\/svg><\/span><span class=\"shariff-text\">RSS-feed<\/span>&nbsp;<\/a><\/li><\/ul><\/div><p>Liste der in meinem <a href=\"http:\/\/www.beweisaufnahme-homoeopathie.de\/?page_id=72\">Buch<\/a> oder in diesem Blog eingehend besprochenen Studien, alphabetisch nach dem erstgenannten Autor der\u00a0Ver\u00f6ffentlichung:<\/p>\n<p><strong>A<\/strong><\/p>\n<ul>\n<li><strong>von Ammon K, 2013<\/strong><br \/>\nLangzeitstudie im Anschluss an die Berner ADHS-Studie von Frei et al.<br \/>\n<a href=\"http:\/\/www.beweisaufnahme-homoeopathie.de\/?page_id=1297\">Link<\/a> zum Blogbeitrag.<\/li>\n<\/ul>\n<p><strong>B<\/strong><\/p>\n<ul>\n<li><strong>Banerji-Protokolle<\/strong><br \/>\nErfolge bei der Behandlung aller m\u00f6glicher Krankheiten, darunter auch Krebs, durch die hom\u00f6opathische Behandlung nach den Banerji-Protokollen<br \/>\n<a href=\"http:\/\/www.beweisaufnahme-homoeopathie.de\/?page_id=72\">Link<\/a> zum Blogbeitrag<\/li>\n<li><strong>Baumgartner S, 2004<\/strong><br \/>\nExperimentelle Untersuchung zur Wirksamkeit hom\u00f6opathischer Potenzen an Zwergerbsen. <a href=\"http:\/\/www.beweisaufnahme-homoeopathie.de\/?p=1559\">Link<\/a> zum Blogbeitrag.<\/li>\n<li><strong>Baumgartner<\/strong>s Wasserlinsenversuche siehe unter Scherr<\/li>\n<li><strong>Bell IR, 2004<br \/>\n<\/strong>Klinische Studie zur Behandlung von Fibromyalgie<br \/>\n<a href=\"http:\/\/www.beweisaufnahme-homoeopathie.de\/?page_id=978\">Link<\/a> zum Blogbeitrag<\/li>\n<\/ul>\n<p><strong>C<\/strong><\/p>\n<ul>\n<li><strong>Carstens-Stiftung<\/strong><br \/>\nsiehe Gerhard I, 1993, 1997 und 1999<br \/>\ndiverse Untersuchungen zur hom\u00f6opathischen Behandlung bei unerf\u00fclltem Kinderwunsch, <a href=\"http:\/\/www.beweisaufnahme-homoeopathie.de\/?p=1227\">Link<\/a> zum Blogbeitrag<\/li>\n<li><strong>Chatterjee A, 2011<\/strong><br \/>\nErgebnisstudie zur Behandlung von Krebs mittels hom\u00f6opathischem Psorinum D6<br \/>\n<a href=\"http:\/\/www.beweisaufnahme-homoeopathie.de\/?page_id=1006\">Link<\/a> zum Blogbeitrag<\/li>\n<li><strong>Chikramane PS, 2010<\/strong><br \/>\nExperimentelle Untersuchung zur \u00dcbertragung von Nanopartikeln der Urstinktur auf Hochpotenzen &#8211; (im Buch, Kap. 3.5.2.)<\/li>\n<li><strong>Cracknell NR, 2008<\/strong><br \/>\nStudie \u00fcber die hom\u00f6opathische Behandlung von L\u00e4rmangst bei Hunden<br \/>\n<a href=\"http:\/\/www.beweisaufnahme-homoeopathie.de\/?page_id=1072 \">Link<\/a> zum Blogbeitrag<\/li>\n<\/ul>\n<p><strong>E<\/strong><\/p>\n<ul>\n<li><strong>ECCH-Guidelines for homeopathic proving, 2009<\/strong><br \/>\nRichtlinien zur Durchf\u00fchrung von Arzneimittelpr\u00fcfungen<br \/>\n<a href=\"http:\/\/www.beweisaufnahme-homoeopathie.de\/?p=1495\">Link<\/a> zum Blogbeitrag<\/li>\n<\/ul>\n<p><strong>F<\/strong><\/p>\n<ul>\n<li><strong>Ferley JP, 1989<\/strong><br \/>\nKlinische Studie zur Wirkung des Medikaments Oscillococcinum bei Grippalen Infekten<br \/>\n(im Buch, Kap. 5.5.1.)<\/li>\n<li><strong>Fisher P, 1989<\/strong><br \/>\nKlinische Studie zur Behandlung von Fibromyalgie<br \/>\n<a href=\"http:\/\/www.beweisaufnahme-homoeopathie.de\/?page_id=978\">Link<\/a> zum Blogbeitrag<\/li>\n<li><strong>Frass M, 2004<\/strong><br \/>\nKlinische Studie zur hom\u00f6opathischen Zusatzbehandlung bei schwerer Sepsis.<br \/>\n<a href=\"http:\/\/www.beweisaufnahme-homoeopathie.de\/?page_id=1853\">Link<\/a> zum Blogbeitrag<\/li>\n<li><strong>Frass M, 2005<\/strong><br \/>\nKlinische Studie \u00fcber die Behandlung von COPD (Atemwegsprobleme)<br \/>\n<a href=\"http:\/\/www.beweisaufnahme-homoeopathie.de\/?page_id=1054\">Link<\/a> zum Blogbeitrag<\/li>\n<li><strong>Frei H, 2005<\/strong><br \/>\nKlinische Studie an der Universit\u00e4t Bern zur Behandlung von ADHS<br \/>\n<a href=\"http:\/\/www.beweisaufnahme-homoeopathie.de\/?page_id=110\">Link<\/a> zum Blogbeitrag<\/li>\n<\/ul>\n<p><strong>G<\/strong><\/p>\n<ul>\n<li><strong>Gaertner K, 2014<\/strong><br \/>\nUntersuchung zur \u00dcberlebensdauer bei Krebspatienten bei zus\u00e4tzlicher hom\u00f6opathischer Behandlung, <a href=\"http:\/\/www.beweisaufnahme-homoeopathie.de\/?p=2240\">Link<\/a> zum Blogbeitrag<\/li>\n<li><strong>Gerhard I, 1993, 1995 und 1999<\/strong><br \/>\ndiverse Untersuchungen zur hom\u00f6opathischen Behandlung bei unerf\u00fclltem Kinderwunsch, <a href=\"http:\/\/www.beweisaufnahme-homoeopathie.de\/?p=1227\">Link<\/a> zum Blogbeitrag<\/li>\n<li><strong>Gibson RG, 1980<\/strong><br \/>\nKlinische Studie zur hom\u00f6opathischen BEhandlung von rheumatoider Arthritis<br \/>\n<a href=\"http:\/\/www.beweisaufnahme-homoeopathie.de\/?page_id=765\">Link<\/a> zum Blogbeitrag<\/li>\n<\/ul>\n<p><strong>H<\/strong><\/p>\n<ul>\n<li><strong>Hahn RG, 2013<\/strong><br \/>\nAnalyse der vorliegenden Metaanalysen zur Hom\u00f6opathie als Ganzes<br \/>\n<a href=\"http:\/\/www.beweisaufnahme-homoeopathie.de\/?page_id=1576\">Link<\/a> zum Blogbeitrag<\/li>\n<li><strong>Heirs M, 2007<\/strong><br \/>\nMetastudie (Cochrane-Review) zur Behandlung von ADHS<br \/>\n<a href=\"http:\/\/www.beweisaufnahme-homoeopathie.de\/?page_id=168\">Link<\/a> zum Blogbeitrag<\/li>\n<\/ul>\n<p><strong>J<\/strong><\/p>\n<ul>\n<li><strong>Jacobs J, 1993<\/strong><br \/>\nKlinische Studie zur Behandlung von Durchfallerkrankungen bei Kindern, Vorarbeit zu den sp\u00e4teren Untersuchungen &#8211; <a href=\"http:\/\/www.beweisaufnahme-homoeopathie.de\/?page_id=404\">Link<\/a> zum Blogbeitrag<\/li>\n<li><strong>Jacobs J, 1994<\/strong><br \/>\nKlinische Studie zur Behandlung von Durchfallerkrankungen bei Kindern, durchgef\u00fchrt in Nicaragua &#8211; <a href=\"http:\/\/www.beweisaufnahme-homoeopathie.de\/?page_id=404\">Link<\/a> zum Blogbeitrag<\/li>\n<li><strong>Jacobs J, 2000<\/strong><br \/>\nKlinische Studie zur Behandlung von Durchfallerkrankungen bei Kindern, durchgef\u00fchrt in Nepal &#8211; <a href=\"http:\/\/www.beweisaufnahme-homoeopathie.de\/?page_id=404\">Link<\/a> zum Blogbeitrag<\/li>\n<li><strong>Jacobs J, 2005<\/strong><br \/>\nKlinische Studie zur Behandlung von ADHS<br \/>\n<a href=\"http:\/\/www.beweisaufnahme-homoeopathie.de\/?page_id=168\">Link<\/a> zum Blogbeitrag<\/li>\n<li><strong>Jacobs J, 2006<\/strong><br \/>\nKlinische Studie zur Behandlung von Durchfallerkrankungen bei Kindern, durchgef\u00fchrt in\u00a0Honduras &#8211; <a href=\"http:\/\/www.beweisaufnahme-homoeopathie.de\/?page_id=404\">Link<\/a> zum Blogbeitrag<\/li>\n<li><strong>J\u00e4ger T, 2010<\/strong><br \/>\nExperimentelle Grundlagenuntersuchung an Wasserlinsen zum Wirksamkeitsnachweis<br \/>\n<a href=\"http:\/\/www.beweisaufnahme-homoeopathie.de\/?page_id=280\">Link<\/a> zum Blogbeitrag und <a href=\"http:\/\/www.beweisaufnahme-homoeopathie.de\/?p=724\">Link<\/a> zur Erg\u00e4nzung<\/li>\n<li><strong>J\u00e4ger T, 2011<\/strong><br \/>\nExperimentelle Grundlagenuntersuchung an Wasserlinsen zum Wirksamkeitsnachweis<br \/>\n<a href=\"http:\/\/www.beweisaufnahme-homoeopathie.de\/?page_id=280\">Link<\/a> zum Blogbeitrag und <a href=\"http:\/\/www.beweisaufnahme-homoeopathie.de\/?p=724\">Link<\/a> zur Erg\u00e4nzung<\/li>\n<\/ul>\n<p><strong>K<\/strong><\/p>\n<ul>\n<li><strong>Kleijnen J, 1991<\/strong><br \/>\nUmfassende Metastudie als Gesamt\u00fcberblick zur Hom\u00f6opathie<br \/>\n(im Buch, Kap. 5.5.4.)<\/li>\n<li><strong>Kruse S, 2006<\/strong><br \/>\nVerlaufsstudie zur hom\u00f6opathischen Behandlung von Hirnblutungen bei Fr\u00fchgeborenen, <a href=\"http:\/\/www.beweisaufnahme-homoeopathie.de\/?p=1910\">Link<\/a> zum Blogbeitrag<\/li>\n<\/ul>\n<p><strong>L<\/strong><\/p>\n<ul>\n<li><strong>Lamont J, 1997<\/strong><br \/>\nKlinische Studie aus USA zur Behandlung von ADHS<br \/>\n<a href=\"http:\/\/www.beweisaufnahme-homoeopathie.de\/?page_id=214\">Link<\/a> zum Blogbeitrag<\/li>\n<li><strong>Linde K, 1997<\/strong><br \/>\nUmfassende Metastudie als Gesamt\u00fcberblick zur Hom\u00f6opathie<br \/>\n(im Buch, Kap. 5.5.4.)<\/li>\n<\/ul>\n<p><strong>M<\/strong><\/p>\n<ul>\n<li><strong>M\u00f6llinger H, 2009<\/strong><br \/>\nStudie zur\u00a0\u00dcbepr\u00fcfung von Symptomen aus der Arzneimittelpr\u00fcfung<br \/>\n(im Buch, Kap. 6.)<\/li>\n<li><strong>Molski M, 2009 \/ 2011<\/strong><br \/>\nVersuch einer quantenmechanischen Modellbildung der Potenzierung<br \/>\n<a href=\"http:\/\/www.beweisaufnahme-homoeopathie.de\/?p=676\">Link<\/a> zum Gastbeitrag im Blog<\/li>\n<li><strong>Montagnier L, 2009<\/strong><br \/>\nUntersuchungen zum Wasserged\u00e4chtnis bei DNA-Molek\u00fclen<br \/>\n<a href=\"http:\/\/www.beweisaufnahme-homoeopathie.de\/?p=2165\">Link<\/a> zum Blogbeitrag<\/li>\n<\/ul>\n<p><strong>O<\/strong><\/p>\n<ul>\n<li><strong>Oberbaum M, 2001<\/strong><br \/>\nKlinische Studie zur Behandlung von Entz\u00fcndungen der Schleimh\u00e4ute im Rachenraum nach Chemotherapie: <a href=\"http:\/\/www.beweisaufnahme-homoeopathie.de\/?page_id=926\">Link<\/a> zum Blogbeitrag<\/li>\n<\/ul>\n<p><strong>P<\/strong><\/p>\n<ul>\n<li><strong>Papp\u00a0R, 1998<br \/>\n<\/strong>Klinische Studie zur Wirkung des Medikaments Oscillococcinum bei Grippalen Infekten<br \/>\n<a href=\"http:\/\/www.beweisaufnahme-homoeopathie.de\/?page_id=844\">Link<\/a> zum Blogbeitrag<\/li>\n<\/ul>\n<p><strong>R<\/strong><\/p>\n<ul>\n<li><strong>Reilly D, 1994<\/strong><br \/>\nKlinische Studie zur Behandlung von allergischem Asthma (Isopathie)<br \/>\n(im Buch, Kap. 5.5.2.)<\/li>\n<li><strong>Rey L, 2003<\/strong><br \/>\nExperimentelle Untersuchung zum Wirkprinzip hom\u00f6opathischer Arzneien, Stichwort &#8218;Ged\u00e4chtnis des Wassers&#8216; (im Buch, Kap. 3.5.1.)<\/li>\n<li><strong>Riley D, 2001<\/strong><br \/>\nErgebnisstudie zur Auswirkung hom\u00f6opathischer Behandlungen in USA und Mitteleuropa (im Buch, Kap. 5.6.3.)<\/li>\n<li><strong>Rostock M, 2011<\/strong><br \/>\nErgebnisstudie zum Vergleich hom\u00f6opathisch und konventionell behandelter Patienten mit einer Krebserkrankung &#8211; <a href=\"http:\/\/www.beweisaufnahme-homoeopathie.de\/?page_id=461\">Link<\/a> zum Blogbeitrag<\/li>\n<li><strong>Rottey EED, 1995<\/strong><br \/>\nKlinische Studie zur Vorbeugung gegen Grippesymptome<br \/>\n<a href=\"http:\/\/www.beweisaufnahme-homoeopathie.de\/?page_id=2025\">Link<\/a> zum Blogbeitrag<\/li>\n<\/ul>\n<p><strong>S<\/strong><\/p>\n<ul>\n<li><strong>Saha S, 2013<\/strong><br \/>\nMetaanalyse zur hom\u00f6opathischen Behandlung von rheumatoider Arthritis<br \/>\n<a href=\"http:\/\/www.beweisaufnahme-homoeopathie.de\/?page_id=795\">Link<\/a> zum Blogbeitrag<\/li>\n<li><strong>Scherr C, 2009<\/strong><br \/>\nExperimentelle Untersuchung zur Wirksamkeit hom\u00f6opathischer Mittel an Wasserlinsen &#8211; <a href=\"http:\/\/www.beweisaufnahme-homoeopathie.de\/?page_id=280\">Link<\/a> zum Blogbeitrag und <a href=\"http:\/\/www.beweisaufnahme-homoeopathie.de\/?p=724\">Link<\/a> zur Erg\u00e4nzung<\/li>\n<li><strong>Schmidt JM, 2002<\/strong><br \/>\nKlinische Untersuchung zur Wirkung von Thyroidinum beim Abnehmen<br \/>\n(wird derzeit \u00fcberarbeitet)<\/li>\n<li><strong>Shang A, 2005<\/strong><br \/>\nsehr umfassende aber auch sehr kontrovers diskutierte Metastudie<br \/>\n<a href=\"http:\/\/www.beweisaufnahme-homoeopathie.de\/?page_id=1952\">Link<\/a> zum Blogbeitrag<\/li>\n<li><strong>Spence DS, 2005<\/strong><br \/>\nErgebnisstudie zur\u00a0Behandlung verschiedener Beschwerden an der hom\u00f6opathischen Klinik in Bristol (im Buch, Kap. 5.6.2.)<\/li>\n<\/ul>\n<p><strong>T<\/strong><\/p>\n<ul>\n<li><strong>Tveiten D, 1991, 1998, 2003<\/strong><br \/>\nErgebnisstudien zur Vorbeugung und Behandlung von Muskelkater bei Marathonl\u00e4ufern mit Arnica D30<br \/>\n<a href=\"http:\/\/www.beweisaufnahme-homoeopathie.de\/?p=885\">Link<\/a> zum Blogbeitrag<\/li>\n<\/ul>\n<p><strong>V<\/strong><\/p>\n<ul>\n<li><strong>Vincent S, 2013<\/strong><br \/>\nErgebnisstudie zur Behandlung von grippalen Infekten in Frankreich<br \/>\n<a href=\"http:\/\/www.beweisaufnahme-homoeopathie.de\/?page_id=312\">Link<\/a> zum Blogbeitrag<\/li>\n<\/ul>\n<p><strong>W<\/strong><\/p>\n<ul>\n<li><strong>Witt CM, 2005<\/strong><br \/>\nErgebnisstudie zur Hom\u00f6opathie, durchgef\u00fchrt\u00a0von der Charit\u00e9, Berlin<br \/>\n(im Buch, Kap. 5.6.1.)<\/li>\n<\/ul>\n<p><strong>Y<\/strong><\/p>\n<ul>\n<li><strong>Yakir M, 2002<\/strong><br \/>\nKlinische Vergleichsstudie zum Pr\u00e4menstruellen Syndrom (PMS)<br \/>\n<a href=\"http:\/\/www.beweisaufnahme-homoeopathie.de\/?page_id=1099\">Link<\/a> zum Blogbeitrag<\/li>\n<\/ul>\n","protected":false},"excerpt":{"rendered":"<p>Liste der in meinem Buch oder in diesem Blog eingehend besprochenen Studien, alphabetisch nach dem erstgenannten Autor der\u00a0Ver\u00f6ffentlichung: A von Ammon K, 2013 Langzeitstudie im Anschluss an die Berner ADHS-Studie von Frei et al. Link zum Blogbeitrag. B Banerji-Protokolle Erfolge &hellip; <a href=\"http:\/\/www.beweisaufnahme-homoeopathie.de\/?page_id=505\">Weiterlesen <span class=\"meta-nav\">&rarr;<\/span><\/a><\/p>\n","protected":false},"author":1,"featured_media":0,"parent":0,"menu_order":0,"comment_status":"open","ping_status":"open","template":"","meta":[],"_links":{"self":[{"href":"http:\/\/www.beweisaufnahme-homoeopathie.de\/index.php?rest_route=\/wp\/v2\/pages\/505"}],"collection":[{"href":"http:\/\/www.beweisaufnahme-homoeopathie.de\/index.php?rest_route=\/wp\/v2\/pages"}],"about":[{"href":"http:\/\/www.beweisaufnahme-homoeopathie.de\/index.php?rest_route=\/wp\/v2\/types\/page"}],"author":[{"embeddable":true,"href":"http:\/\/www.beweisaufnahme-homoeopathie.de\/index.php?rest_route=\/wp\/v2\/users\/1"}],"replies":[{"embeddable":true,"href":"http:\/\/www.beweisaufnahme-homoeopathie.de\/index.php?rest_route=%2Fwp%2Fv2%2Fcomments&post=505"}],"version-history":[{"count":73,"href":"http:\/\/www.beweisaufnahme-homoeopathie.de\/index.php?rest_route=\/wp\/v2\/pages\/505\/revisions"}],"predecessor-version":[{"id":2249,"href":"http:\/\/www.beweisaufnahme-homoeopathie.de\/index.php?rest_route=\/wp\/v2\/pages\/505\/revisions\/2249"}],"wp:attachment":[{"href":"http:\/\/www.beweisaufnahme-homoeopathie.de\/index.php?rest_route=%2Fwp%2Fv2%2Fmedia&parent=505"}],"curies":[{"name":"wp","href":"https:\/\/api.w.org\/{rel}","templated":true}]}}