{"id":43,"date":"2013-04-29T17:33:38","date_gmt":"2013-04-29T15:33:38","guid":{"rendered":"http:\/\/www.beweisaufnahme-homoeopathie.de\/Blog\/?page_id=43"},"modified":"2013-05-17T19:51:08","modified_gmt":"2013-05-17T17:51:08","slug":"willkommen","status":"publish","type":"page","link":"http:\/\/www.beweisaufnahme-homoeopathie.de\/?page_id=43","title":{"rendered":"Willkommen"},"content":{"rendered":"<div class=\"shariff shariff-align-flex-start shariff-widget-align-flex-start\" data-services=\"facebook%7Ctwitter\" data-url=\"http%3A%2F%2Fwww.beweisaufnahme-homoeopathie.de%2F%3Fpage_id%3D43\" data-timestamp=\"1368820268\" data-hidezero=\"1\" data-backendurl=\"?rest_route=\/shariff\/v1\/share_counts&\"><ul class=\"shariff-buttons theme-default wcag_colors orientation-horizontal buttonsize-small\"><li class=\"shariff-button facebook shariff-nocustomcolor\" style=\"background-color:#000\"><a href=\"https:\/\/www.facebook.com\/sharer\/sharer.php?u=http%3A%2F%2Fwww.beweisaufnahme-homoeopathie.de%2F%3Fpage_id%3D43\" title=\"Bei Facebook teilen\" aria-label=\"Bei Facebook teilen\" role=\"button\" rel=\"nofollow\" class=\"shariff-link\" style=\"; background-color:#38548F; color:#fff\" target=\"_blank\"><span class=\"shariff-icon\" style=\"\"><svg width=\"32px\" height=\"20px\" xmlns=\"http:\/\/www.w3.org\/2000\/svg\" viewBox=\"0 0 18 32\"><path fill=\"#3b5998\" d=\"M17.1 0.2v4.7h-2.8q-1.5 0-2.1 0.6t-0.5 1.9v3.4h5.2l-0.7 5.3h-4.5v13.6h-5.5v-13.6h-4.5v-5.3h4.5v-3.9q0-3.3 1.9-5.2t5-1.8q2.6 0 4.1 0.2z\"\/><\/svg><\/span><span class=\"shariff-text\">teilen<\/span>&nbsp;<span data-service=\"facebook\" style=\"color:#38548F\" class=\"shariff-count\"> 69<\/span>&nbsp;<\/a><\/li><li class=\"shariff-button twitter shariff-nocustomcolor\" style=\"background-color:#000\"><a href=\"https:\/\/twitter.com\/share?url=http%3A%2F%2Fwww.beweisaufnahme-homoeopathie.de%2F%3Fpage_id%3D43&text=Willkommen\" title=\"Bei Twitter teilen\" aria-label=\"Bei Twitter teilen\" role=\"button\" rel=\"noopener nofollow\" class=\"shariff-link\" style=\"; background-color:#115A92; color:#fff\" target=\"_blank\"><span class=\"shariff-icon\" style=\"\"><svg width=\"32px\" height=\"20px\" xmlns=\"http:\/\/www.w3.org\/2000\/svg\" viewBox=\"0 0 30 32\"><path fill=\"#55acee\" d=\"M29.7 6.8q-1.2 1.8-3 3.1 0 0.3 0 0.8 0 2.5-0.7 4.9t-2.2 4.7-3.5 4-4.9 2.8-6.1 1q-5.1 0-9.3-2.7 0.6 0.1 1.5 0.1 4.3 0 7.6-2.6-2-0.1-3.5-1.2t-2.2-3q0.6 0.1 1.1 0.1 0.8 0 1.6-0.2-2.1-0.4-3.5-2.1t-1.4-3.9v-0.1q1.3 0.7 2.8 0.8-1.2-0.8-2-2.2t-0.7-2.9q0-1.7 0.8-3.1 2.3 2.8 5.5 4.5t7 1.9q-0.2-0.7-0.2-1.4 0-2.5 1.8-4.3t4.3-1.8q2.7 0 4.5 1.9 2.1-0.4 3.9-1.5-0.7 2.2-2.7 3.4 1.8-0.2 3.5-0.9z\"\/><\/svg><\/span><span class=\"shariff-text\">twittern<\/span>&nbsp;<span data-service=\"twitter\" style=\"color:#115A92\" class=\"shariff-count shariff-hidezero\"><\/span>&nbsp;<\/a><\/li><li class=\"shariff-button rss shariff-nocustomcolor\" style=\"background-color:#000\"><a href=\"http:\/\/www.beweisaufnahme-homoeopathie.de\/?feed=rss\" title=\"RSS-feed\" aria-label=\"RSS-feed\" role=\"button\" class=\"shariff-link\" style=\"; background-color:#aa2e00; color:#fff\" target=\"_blank\"><span class=\"shariff-icon\" style=\"\"><svg width=\"32px\" height=\"20px\" xmlns=\"http:\/\/www.w3.org\/2000\/svg\" viewBox=\"0 0 32 32\"><path fill=\"#fe9312\" d=\"M4.3 23.5c-2.3 0-4.3 1.9-4.3 4.3 0 2.3 1.9 4.2 4.3 4.2 2.4 0 4.3-1.9 4.3-4.2 0-2.3-1.9-4.3-4.3-4.3zM0 10.9v6.1c4 0 7.7 1.6 10.6 4.4 2.8 2.8 4.4 6.6 4.4 10.6h6.2c0-11.7-9.5-21.1-21.1-21.1zM0 0v6.1c14.2 0 25.8 11.6 25.8 25.9h6.2c0-17.6-14.4-32-32-32z\"\/><\/svg><\/span><span class=\"shariff-text\">RSS-feed<\/span>&nbsp;<\/a><\/li><\/ul><\/div><p>Als Begr\u00fc\u00dfung m\u00f6chte ich die Zielstellung dieses Blogs kurz umrei\u00dfen:<\/p>\n<p>Dieser Blog wendet sich an alle, die sich mit den Grundlagen der Hom\u00f6opathie besch\u00e4ftigen wollen &#8211; mit den wissenschaftlichen Grundlagen im Speziellen. Damit m\u00f6chte ich einen Beitrag leisten, dass sich die Diskussion um die Wirksamkeit der Hom\u00f6opathie versachlicht.<\/p>\n<p>Was ist das Problem?<\/p>\n<p>Trotz der ungeheuren Vielzahl an Publikationen zum Thema Hom\u00f6opathie sind dem ratsuchenden Patienten kaum objektive Informationen zur Wirkung der Hom\u00f6opathie zug\u00e4nglich. Diese sind in wissenschaftlichen Untersuchungen und Abhandlungen zwar prinzipiell verf\u00fcgbar &#8211; aber f\u00fcr den Patienten kaum zug\u00e4nglich, wenn er sich zwischen einer hom\u00f6opathischen oder konventionellen Behandlung seiner Beschwerden entscheiden muss. Problematisch ist, dass Bef\u00fcrworter und Gegner der Hom\u00f6opathie diese Quellen h\u00f6chst unterschiedlich interpretieren und zur Untermauerung ihrer Aussagen verwenden, wonach die Hom\u00f6opathie auf einem sicheren wissenschaftlichen Fundament steht &#8211; oder auch nicht. Und der Patient? Muss sich auf Treu und Glauben irgendwie nach Bauchgef\u00fchl entscheiden.<\/p>\n<p>Wie soll das Problem gel\u00f6st werden?<\/p>\n<p>Schl\u00fcssel f\u00fcr eine bessere Entscheidungsgrundlage sind sachliche Informationen. Die man auch versteht und nachvollziehen kann. Damit ist das wesentliche Ziel umrissen: Wie schon in meinem im M\u00e4rz 2013 erschienenen Buch &#8218;In Sachen Hom\u00f6opathie &#8211; eine Beweisaufnahme&#8216; sollen hier die wissenschaftlichen Ver\u00f6ffentlichungen zur Hom\u00f6opathie dargestellt und analysiert werden, was sie wirklich aussagen. Die Ergebnisse dieser Betrachtungen sollen allgemeinverst\u00e4ndlich dargestellt werden, und dieser Blog soll sich im Laufe der Zeit zu einem Nachschlagewerk der einschl\u00e4gigen Ver\u00f6ffentlichungen entwickeln.<\/p>\n<p>An wen wendet sich der Blog:<\/p>\n<p>Zun\u00e4chst nat\u00fcrlich an Sie als Patient, der sich \u00fcber die Hom\u00f6opathie informieren m\u00f6chte. Sie sind der Kunde, f\u00fcr den dies hier entsteht. Sie entscheiden, ob die Artikel gut gelungen sind und Ihnen weiter geholfen haben. Scheuen Sie sich nicht, in Kommentaren nach besseren und klareren Erkl\u00e4rungen zu fragen. Nur so k\u00f6nnen diese Seiten zu einem positiven Werkzeug werden.<\/p>\n<p>Aber auch Sie, als hom\u00f6opathisch arbeitender Arzt oder Heilpraktiker sind herzlich eingeladen, diese Seiten zu besuchen und die Artikel zu kommentieren. Genau genommen ist dies sogar recht wichtig: Nach langen Recherchen komme ich als naturwissenschaftlich denkender Autor zu einer kritischen Bewertung der Hom\u00f6opathie, m\u00f6chte aber, dass in diesem Blog die Informationen so objektiv wie m\u00f6glich sind. Dabei kann es nur von Nutzen sein, wenn &#8218;die andere Seite&#8216; auch zu Wort kommt und daf\u00fcr sorgt, dass die Objektivit\u00e4t nicht doch verloren geht.<\/p>\n<p>Damit dies auch gelingt, weise ich auf die Blogregeln hin, die ich bitte, bei Ihren Kommentaren zu beachten.<\/p>\n<p>Als dann, viel Spa\u00df beim Bl\u00e4ttern in diesen Seiten.<\/p>\n<p>Dr.-Ing. Norbert Aust, 28. April 2013<\/p>\n","protected":false},"excerpt":{"rendered":"<p>Als Begr\u00fc\u00dfung m\u00f6chte ich die Zielstellung dieses Blogs kurz umrei\u00dfen: Dieser Blog wendet sich an alle, die sich mit den Grundlagen der Hom\u00f6opathie besch\u00e4ftigen wollen &#8211; mit den wissenschaftlichen Grundlagen im Speziellen. Damit m\u00f6chte ich einen Beitrag leisten, dass sich &hellip; <a href=\"http:\/\/www.beweisaufnahme-homoeopathie.de\/?page_id=43\">Weiterlesen <span class=\"meta-nav\">&rarr;<\/span><\/a><\/p>\n","protected":false},"author":1,"featured_media":0,"parent":0,"menu_order":0,"comment_status":"open","ping_status":"open","template":"","meta":[],"_links":{"self":[{"href":"http:\/\/www.beweisaufnahme-homoeopathie.de\/index.php?rest_route=\/wp\/v2\/pages\/43"}],"collection":[{"href":"http:\/\/www.beweisaufnahme-homoeopathie.de\/index.php?rest_route=\/wp\/v2\/pages"}],"about":[{"href":"http:\/\/www.beweisaufnahme-homoeopathie.de\/index.php?rest_route=\/wp\/v2\/types\/page"}],"author":[{"embeddable":true,"href":"http:\/\/www.beweisaufnahme-homoeopathie.de\/index.php?rest_route=\/wp\/v2\/users\/1"}],"replies":[{"embeddable":true,"href":"http:\/\/www.beweisaufnahme-homoeopathie.de\/index.php?rest_route=%2Fwp%2Fv2%2Fcomments&post=43"}],"version-history":[{"count":4,"href":"http:\/\/www.beweisaufnahme-homoeopathie.de\/index.php?rest_route=\/wp\/v2\/pages\/43\/revisions"}],"predecessor-version":[{"id":791,"href":"http:\/\/www.beweisaufnahme-homoeopathie.de\/index.php?rest_route=\/wp\/v2\/pages\/43\/revisions\/791"}],"wp:attachment":[{"href":"http:\/\/www.beweisaufnahme-homoeopathie.de\/index.php?rest_route=%2Fwp%2Fv2%2Fmedia&parent=43"}],"curies":[{"name":"wp","href":"https:\/\/api.w.org\/{rel}","templated":true}]}}