{"id":229,"date":"2013-05-14T19:06:01","date_gmt":"2013-05-14T17:06:01","guid":{"rendered":"http:\/\/www.beweisaufnahme-homoeopathie.de\/?page_id=229"},"modified":"2013-08-22T11:30:47","modified_gmt":"2013-08-22T09:30:47","slug":"support","status":"publish","type":"page","link":"http:\/\/www.beweisaufnahme-homoeopathie.de\/?page_id=229","title":{"rendered":"Support"},"content":{"rendered":"<div class=\"shariff shariff-align-flex-start shariff-widget-align-flex-start\" data-services=\"facebook%7Ctwitter\" data-url=\"http%3A%2F%2Fwww.beweisaufnahme-homoeopathie.de%2F%3Fpage_id%3D229\" data-timestamp=\"1377171047\" data-hidezero=\"1\" data-backendurl=\"?rest_route=\/shariff\/v1\/share_counts&\"><ul class=\"shariff-buttons theme-default wcag_colors orientation-horizontal buttonsize-small\"><li class=\"shariff-button facebook shariff-nocustomcolor\" style=\"background-color:#000\"><a href=\"https:\/\/www.facebook.com\/sharer\/sharer.php?u=http%3A%2F%2Fwww.beweisaufnahme-homoeopathie.de%2F%3Fpage_id%3D229\" title=\"Bei Facebook teilen\" aria-label=\"Bei Facebook teilen\" role=\"button\" rel=\"nofollow\" class=\"shariff-link\" style=\"; background-color:#38548F; color:#fff\" target=\"_blank\"><span class=\"shariff-icon\" style=\"\"><svg width=\"32px\" height=\"20px\" xmlns=\"http:\/\/www.w3.org\/2000\/svg\" viewBox=\"0 0 18 32\"><path fill=\"#3b5998\" d=\"M17.1 0.2v4.7h-2.8q-1.5 0-2.1 0.6t-0.5 1.9v3.4h5.2l-0.7 5.3h-4.5v13.6h-5.5v-13.6h-4.5v-5.3h4.5v-3.9q0-3.3 1.9-5.2t5-1.8q2.6 0 4.1 0.2z\"\/><\/svg><\/span><span class=\"shariff-text\">teilen<\/span>&nbsp;<span data-service=\"facebook\" style=\"color:#38548F\" class=\"shariff-count shariff-hidezero\"><\/span>&nbsp;<\/a><\/li><li class=\"shariff-button twitter shariff-nocustomcolor\" style=\"background-color:#000\"><a href=\"https:\/\/twitter.com\/share?url=http%3A%2F%2Fwww.beweisaufnahme-homoeopathie.de%2F%3Fpage_id%3D229&text=Support\" title=\"Bei Twitter teilen\" aria-label=\"Bei Twitter teilen\" role=\"button\" rel=\"noopener nofollow\" class=\"shariff-link\" style=\"; background-color:#115A92; color:#fff\" target=\"_blank\"><span class=\"shariff-icon\" style=\"\"><svg width=\"32px\" height=\"20px\" xmlns=\"http:\/\/www.w3.org\/2000\/svg\" viewBox=\"0 0 30 32\"><path fill=\"#55acee\" d=\"M29.7 6.8q-1.2 1.8-3 3.1 0 0.3 0 0.8 0 2.5-0.7 4.9t-2.2 4.7-3.5 4-4.9 2.8-6.1 1q-5.1 0-9.3-2.7 0.6 0.1 1.5 0.1 4.3 0 7.6-2.6-2-0.1-3.5-1.2t-2.2-3q0.6 0.1 1.1 0.1 0.8 0 1.6-0.2-2.1-0.4-3.5-2.1t-1.4-3.9v-0.1q1.3 0.7 2.8 0.8-1.2-0.8-2-2.2t-0.7-2.9q0-1.7 0.8-3.1 2.3 2.8 5.5 4.5t7 1.9q-0.2-0.7-0.2-1.4 0-2.5 1.8-4.3t4.3-1.8q2.7 0 4.5 1.9 2.1-0.4 3.9-1.5-0.7 2.2-2.7 3.4 1.8-0.2 3.5-0.9z\"\/><\/svg><\/span><span class=\"shariff-text\">twittern<\/span>&nbsp;<span data-service=\"twitter\" style=\"color:#115A92\" class=\"shariff-count shariff-hidezero\"><\/span>&nbsp;<\/a><\/li><li class=\"shariff-button rss shariff-nocustomcolor\" style=\"background-color:#000\"><a href=\"http:\/\/www.beweisaufnahme-homoeopathie.de\/?feed=rss\" title=\"RSS-feed\" aria-label=\"RSS-feed\" role=\"button\" class=\"shariff-link\" style=\"; background-color:#aa2e00; color:#fff\" target=\"_blank\"><span class=\"shariff-icon\" style=\"\"><svg width=\"32px\" height=\"20px\" xmlns=\"http:\/\/www.w3.org\/2000\/svg\" viewBox=\"0 0 32 32\"><path fill=\"#fe9312\" d=\"M4.3 23.5c-2.3 0-4.3 1.9-4.3 4.3 0 2.3 1.9 4.2 4.3 4.2 2.4 0 4.3-1.9 4.3-4.2 0-2.3-1.9-4.3-4.3-4.3zM0 10.9v6.1c4 0 7.7 1.6 10.6 4.4 2.8 2.8 4.4 6.6 4.4 10.6h6.2c0-11.7-9.5-21.1-21.1-21.1zM0 0v6.1c14.2 0 25.8 11.6 25.8 25.9h6.2c0-17.6-14.4-32-32-32z\"\/><\/svg><\/span><span class=\"shariff-text\">RSS-feed<\/span>&nbsp;<\/a><\/li><\/ul><\/div><p>Diese Seite besch\u00e4ftigt sich damit, wie Sie meine Arbeit unterst\u00fctzen k\u00f6nnen. Dies ist auf recht vielf\u00e4ltige Art m\u00f6glich.<\/p>\n<p>Zun\u00e4chst kostet der Betrieb dieser Seiten Geld, zwar nicht viel, aber es l\u00e4ppert sich. Viele der betrachteten Studien sind im Internet im Volltext frei verf\u00fcgbar, f\u00fcr andere muss ich die Universit\u00e4tsbibliothek in Freiburg aufsuchen, was in Summe eine kleine Tagesreise ergibt und Geld kostet. Wenn Sie mich hier unterst\u00fctzen wollen, dann k\u00f6nnen Sie \u00fcber Paypal mit der im <a href=\"http:\/\/www.beweisaufnahme-homoeopathie.de\/?page_id=36\">Impressum<\/a> genannten Email eine Spende t\u00e4tigen. Wenn Sie mir Name und Adresse mailen, sende ich Ihnen eine Spendenquittung zu.<\/p>\n<p>Die zweite M\u00f6glichkeit besteht darin, dass Sie mein <a href=\"http:\/\/www.beweisaufnahme-homoeopathie.de\/?page_id=72\">Buch<\/a>\u00a0&#8218;In Sachen Hom\u00f6opathie &#8211; Eine Beweisaufnahme&#8216;\u00a0k\u00e4uflich erwerben. Darin finden Sie die Grundlagen zu manchen der hier angewendeten Betrachtungsweisen und auch Analysen von einer ganzen Reihe von wissenschaftlichen Studien zur Hom\u00f6opathie. Genau genommen sind dies dort sogar die bekanntesten und h\u00e4ufiger in der Diskussion verwendeten Studien. Da dieses Buch im Eigenverlag vermarktet wird, werden Sie es im Buchhandel nicht vorr\u00e4tig finden, ich empfehle daher die Bezugsquellen, die <a href=\"http:\/\/www.beweisaufnahme-homoeopathie.de\/?page_id=72\">hier<\/a> genannt sind.<\/p>\n<p>Eine Dritte M\u00f6glichkeit besteht darin, diesen Blog Ihren Freunden und Bekannten zu empfehlen und auf diese Weise f\u00fcr einen lebhaften Gedankenaustausch hier zu sorgen, was die Attraktivit\u00e4t f\u00fcr alle Nutzer sicher steigert.<\/p>\n<p>Und Last but not Least of all, k\u00f6nnen Sie hier mitarbeiten, durch Ihre Kommentare die angebotenen Inhalte abrunden. Es besteht auch grunds\u00e4tzlich die M\u00f6glichkeit, dass Sie hier unter Ihrem Namen einen Gastbeitrag publizieren, wenn er zum Themengebiet passt.<\/p>\n<p>Egal f\u00fcr welche Form der Unterst\u00fctzung meiner Arbeit Sie sich entscheiden: Ich bin Ihnen auf jeden Fall dankbar, wenn Sie durch Ihre Mitarbeit zum Verbessern und Gelingen diesen\u00a0Vorhabens beitragen.<\/p>\n","protected":false},"excerpt":{"rendered":"<p>Diese Seite besch\u00e4ftigt sich damit, wie Sie meine Arbeit unterst\u00fctzen k\u00f6nnen. Dies ist auf recht vielf\u00e4ltige Art m\u00f6glich. Zun\u00e4chst kostet der Betrieb dieser Seiten Geld, zwar nicht viel, aber es l\u00e4ppert sich. Viele der betrachteten Studien sind im Internet im &hellip; <a href=\"http:\/\/www.beweisaufnahme-homoeopathie.de\/?page_id=229\">Weiterlesen <span class=\"meta-nav\">&rarr;<\/span><\/a><\/p>\n","protected":false},"author":1,"featured_media":0,"parent":0,"menu_order":0,"comment_status":"open","ping_status":"open","template":"","meta":[],"_links":{"self":[{"href":"http:\/\/www.beweisaufnahme-homoeopathie.de\/index.php?rest_route=\/wp\/v2\/pages\/229"}],"collection":[{"href":"http:\/\/www.beweisaufnahme-homoeopathie.de\/index.php?rest_route=\/wp\/v2\/pages"}],"about":[{"href":"http:\/\/www.beweisaufnahme-homoeopathie.de\/index.php?rest_route=\/wp\/v2\/types\/page"}],"author":[{"embeddable":true,"href":"http:\/\/www.beweisaufnahme-homoeopathie.de\/index.php?rest_route=\/wp\/v2\/users\/1"}],"replies":[{"embeddable":true,"href":"http:\/\/www.beweisaufnahme-homoeopathie.de\/index.php?rest_route=%2Fwp%2Fv2%2Fcomments&post=229"}],"version-history":[{"count":8,"href":"http:\/\/www.beweisaufnahme-homoeopathie.de\/index.php?rest_route=\/wp\/v2\/pages\/229\/revisions"}],"predecessor-version":[{"id":878,"href":"http:\/\/www.beweisaufnahme-homoeopathie.de\/index.php?rest_route=\/wp\/v2\/pages\/229\/revisions\/878"}],"wp:attachment":[{"href":"http:\/\/www.beweisaufnahme-homoeopathie.de\/index.php?rest_route=%2Fwp%2Fv2%2Fmedia&parent=229"}],"curies":[{"name":"wp","href":"https:\/\/api.w.org\/{rel}","templated":true}]}}